{"id":901,"date":"2018-07-23T11:04:24","date_gmt":"2018-07-23T15:04:24","guid":{"rendered":"http:\/\/www.lamulti.media\/beta\/crillon\/product\/calorcko\/"},"modified":"2022-05-14T18:00:37","modified_gmt":"2022-05-14T22:00:37","slug":"calorcko","status":"publish","type":"product","link":"https:\/\/crillontours.travel\/es\/product\/calorcko\/","title":{"rendered":"Calorcko"},"content":{"rendered":"<p>Visita al yacimiento m\u00e1s grande del mundo de huellas del dinosaurio Cal Orcko o cerro de cal en quechua.<\/p>\n<p>&nbsp;<\/p>\n<p><strong>Incluye<\/strong><\/p>\n<ul>\n<li>Traslado en veh\u00edculo privado<\/li>\n<li>Gu\u00eda local biling\u00fce y entradas donde corresponda<\/li>\n<\/ul>\n","protected":false},"excerpt":{"rendered":"<p>Visita al yacimiento m\u00e1s grande del mundo de huellas del dinosaurio Cal Orcko o cerro de cal en quechua. &nbsp; Incluye Traslado en veh\u00edculo privado Gu\u00eda local biling\u00fce y entradas donde corresponda<\/p>\n","protected":false},"featured_media":4147,"template":"","meta":[],"product_cat":[574,63],"product_tag":[],"yst_prominent_words":[],"acf":[],"_links":{"self":[{"href":"https:\/\/crillontours.travel\/es\/wp-json\/wp\/v2\/product\/901"}],"collection":[{"href":"https:\/\/crillontours.travel\/es\/wp-json\/wp\/v2\/product"}],"about":[{"href":"https:\/\/crillontours.travel\/es\/wp-json\/wp\/v2\/types\/product"}],"wp:featuredmedia":[{"embeddable":true,"href":"https:\/\/crillontours.travel\/es\/wp-json\/wp\/v2\/media\/4147"}],"wp:attachment":[{"href":"https:\/\/crillontours.travel\/es\/wp-json\/wp\/v2\/media?parent=901"}],"wp:term":[{"taxonomy":"product_cat","embeddable":true,"href":"https:\/\/crillontours.travel\/es\/wp-json\/wp\/v2\/product_cat?post=901"},{"taxonomy":"product_tag","embeddable":true,"href":"https:\/\/crillontours.travel\/es\/wp-json\/wp\/v2\/product_tag?post=901"},{"taxonomy":"yst_prominent_words","embeddable":true,"href":"https:\/\/crillontours.travel\/es\/wp-json\/wp\/v2\/yst_prominent_words?post=901"}],"curies":[{"name":"wp","href":"https:\/\/api.w.org\/{rel}","templated":true}]}}