{"id":893,"date":"2018-07-23T10:47:11","date_gmt":"2018-07-23T14:47:11","guid":{"rendered":"http:\/\/www.lamulti.media\/beta\/crillon\/product\/potosi-city-tour-medio-dia\/"},"modified":"2022-05-14T18:00:55","modified_gmt":"2022-05-14T22:00:55","slug":"potosi-city-tour-medio-dia","status":"publish","type":"product","link":"https:\/\/crillontours.travel\/es\/product\/potosi-city-tour-medio-dia\/","title":{"rendered":"Potos\u00ed City Tour Medio D\u00eda"},"content":{"rendered":"<p>Recorra una de las ciudades m\u00e1s importantes de la \u00e9poca de la Colonia, de d\u00f3nde se extra\u00edan los principales metales que se exportaban a Espa\u00f1a.<\/p>\n<p>&nbsp;<\/p>\n<p><strong>Incluye<\/strong><\/p>\n<ul>\n<li>Traslado en veh\u00edculo privado<\/li>\n<li>Gu\u00eda local biling\u00fce y entradas donde corresponda<\/li>\n<\/ul>\n","protected":false},"excerpt":{"rendered":"<p>Recorra una de las ciudades m\u00e1s importantes de la \u00e9poca de la Colonia, de d\u00f3nde se extra\u00edan los principales metales que se exportaban a Espa\u00f1a. &nbsp; Incluye Traslado en veh\u00edculo privado Gu\u00eda local biling\u00fce y entradas donde corresponda<\/p>\n","protected":false},"featured_media":4476,"template":"","meta":[],"product_cat":[575,63],"product_tag":[],"yst_prominent_words":[],"acf":[],"_links":{"self":[{"href":"https:\/\/crillontours.travel\/es\/wp-json\/wp\/v2\/product\/893"}],"collection":[{"href":"https:\/\/crillontours.travel\/es\/wp-json\/wp\/v2\/product"}],"about":[{"href":"https:\/\/crillontours.travel\/es\/wp-json\/wp\/v2\/types\/product"}],"wp:featuredmedia":[{"embeddable":true,"href":"https:\/\/crillontours.travel\/es\/wp-json\/wp\/v2\/media\/4476"}],"wp:attachment":[{"href":"https:\/\/crillontours.travel\/es\/wp-json\/wp\/v2\/media?parent=893"}],"wp:term":[{"taxonomy":"product_cat","embeddable":true,"href":"https:\/\/crillontours.travel\/es\/wp-json\/wp\/v2\/product_cat?post=893"},{"taxonomy":"product_tag","embeddable":true,"href":"https:\/\/crillontours.travel\/es\/wp-json\/wp\/v2\/product_tag?post=893"},{"taxonomy":"yst_prominent_words","embeddable":true,"href":"https:\/\/crillontours.travel\/es\/wp-json\/wp\/v2\/yst_prominent_words?post=893"}],"curies":[{"name":"wp","href":"https:\/\/api.w.org\/{rel}","templated":true}]}}