{"id":884,"date":"2018-07-23T10:11:06","date_gmt":"2018-07-23T14:11:06","guid":{"rendered":"http:\/\/www.lamulti.media\/beta\/crillon\/product\/madidi-jungle-eco-lodge-3-dias-2-noches\/"},"modified":"2019-01-11T02:09:15","modified_gmt":"2019-01-11T06:09:15","slug":"madidi-jungle-eco-lodge-3-dias-2-noches","status":"publish","type":"product","link":"https:\/\/crillontours.travel\/es\/product\/madidi-jungle-eco-lodge-3-dias-2-noches\/","title":{"rendered":"Rurrenabaque Chalal\u00e1n Eco Lodge &#8211; Madidi Jungle Eco Lodge 3 d\u00edas\/2 noches"},"content":{"rendered":"<p>Tres d\u00edas y dos noches para introducirse en uno de los parques nacionales m\u00e1s importantes y que constituye el \u00e1rea protegida con m\u00e1s especies de aves de aves registradas. Contacto con la naturaleza en su estado m\u00e1s puro.<\/p>\n","protected":false},"excerpt":{"rendered":"<p>Tres d\u00edas y dos noches para introducirse en uno de los parques nacionales m\u00e1s importantes y que constituye el \u00e1rea protegida con m\u00e1s especies de aves de aves registradas. Contacto con la naturaleza en su estado m\u00e1s puro.<\/p>\n","protected":false},"featured_media":4123,"template":"","meta":[],"product_cat":[70],"product_tag":[],"yst_prominent_words":[],"acf":[],"_links":{"self":[{"href":"https:\/\/crillontours.travel\/es\/wp-json\/wp\/v2\/product\/884"}],"collection":[{"href":"https:\/\/crillontours.travel\/es\/wp-json\/wp\/v2\/product"}],"about":[{"href":"https:\/\/crillontours.travel\/es\/wp-json\/wp\/v2\/types\/product"}],"wp:featuredmedia":[{"embeddable":true,"href":"https:\/\/crillontours.travel\/es\/wp-json\/wp\/v2\/media\/4123"}],"wp:attachment":[{"href":"https:\/\/crillontours.travel\/es\/wp-json\/wp\/v2\/media?parent=884"}],"wp:term":[{"taxonomy":"product_cat","embeddable":true,"href":"https:\/\/crillontours.travel\/es\/wp-json\/wp\/v2\/product_cat?post=884"},{"taxonomy":"product_tag","embeddable":true,"href":"https:\/\/crillontours.travel\/es\/wp-json\/wp\/v2\/product_tag?post=884"},{"taxonomy":"yst_prominent_words","embeddable":true,"href":"https:\/\/crillontours.travel\/es\/wp-json\/wp\/v2\/yst_prominent_words?post=884"}],"curies":[{"name":"wp","href":"https:\/\/api.w.org\/{rel}","templated":true}]}}