{"id":874,"date":"2018-07-04T03:56:22","date_gmt":"2018-07-04T07:56:22","guid":{"rendered":"http:\/\/www.lamulti.media\/beta\/crillon\/product\/salar-de-uyuni-local-package-of-2-days-1-night-la-paz-la-paz\/"},"modified":"2022-05-14T18:02:20","modified_gmt":"2022-05-14T22:02:20","slug":"escape-al-salar-de-uyuni-ida-y-vuelta-desde-uyuni-2-dias-1-noche","status":"publish","type":"product","link":"https:\/\/crillontours.travel\/es\/product\/escape-al-salar-de-uyuni-ida-y-vuelta-desde-uyuni-2-dias-1-noche\/","title":{"rendered":"Escape al Salar de Uyuni (Ida y Vuelta desde Uyuni) 2D\/1N"},"content":{"rendered":"<p>Si no tiene mucho tiempo, esta es la opci\u00f3n perfecta para descubrir en dos d\u00edas el salar m\u00e1s grande del mundo. D\u00e9jese guiar y abrace la belleza natural \u00fanica de un desierto blanco que combina misticismo y paz.<\/p>\n<p>&nbsp;<\/p>\n<p><strong>Incluye:<\/strong><\/p>\n<ul>\n<li>Traslado privado en un veh\u00edculo 4WD<\/li>\n<li>Gu\u00eda local biling\u00fce y entradas donde corresponda<\/li>\n<li>Alojamiento est\u00e1ndar en el Hotel de Sal<\/li>\n<li>Comidas mencionadas<\/li>\n<\/ul>\n<p><strong>Vuelos no incluidos.<\/strong><\/p>\n","protected":false},"excerpt":{"rendered":"<p>Si no tiene mucho tiempo, esta es la opci\u00f3n perfecta para descubrir en dos d\u00edas el salar m\u00e1s grande del mundo. D\u00e9jese guiar y abrace la belleza natural \u00fanica de un desierto blanco que combina misticismo y paz.<\/p>\n","protected":false},"featured_media":5974,"template":"","meta":[],"product_cat":[139,58],"product_tag":[],"yst_prominent_words":[644,614,645,424,646],"acf":[],"_links":{"self":[{"href":"https:\/\/crillontours.travel\/es\/wp-json\/wp\/v2\/product\/874"}],"collection":[{"href":"https:\/\/crillontours.travel\/es\/wp-json\/wp\/v2\/product"}],"about":[{"href":"https:\/\/crillontours.travel\/es\/wp-json\/wp\/v2\/types\/product"}],"wp:featuredmedia":[{"embeddable":true,"href":"https:\/\/crillontours.travel\/es\/wp-json\/wp\/v2\/media\/5974"}],"wp:attachment":[{"href":"https:\/\/crillontours.travel\/es\/wp-json\/wp\/v2\/media?parent=874"}],"wp:term":[{"taxonomy":"product_cat","embeddable":true,"href":"https:\/\/crillontours.travel\/es\/wp-json\/wp\/v2\/product_cat?post=874"},{"taxonomy":"product_tag","embeddable":true,"href":"https:\/\/crillontours.travel\/es\/wp-json\/wp\/v2\/product_tag?post=874"},{"taxonomy":"yst_prominent_words","embeddable":true,"href":"https:\/\/crillontours.travel\/es\/wp-json\/wp\/v2\/yst_prominent_words?post=874"}],"curies":[{"name":"wp","href":"https:\/\/api.w.org\/{rel}","templated":true}]}}