{"id":868,"date":"2018-07-04T04:06:50","date_gmt":"2018-07-04T08:06:50","guid":{"rendered":"http:\/\/www.lamulti.media\/beta\/crillon\/product\/uyuni-salt-lake-international-package-of-3-days-2-nights-san-pedro-de-atacama-la-paz\/"},"modified":"2022-05-14T18:02:10","modified_gmt":"2022-05-14T22:02:10","slug":"atacama-a-uyuni-o-viceversa-3-dias-2-noches","status":"publish","type":"product","link":"https:\/\/crillontours.travel\/es\/product\/atacama-a-uyuni-o-viceversa-3-dias-2-noches\/","title":{"rendered":"San Pedro de Atacama a Uyuni o Viceversa 3D\/2N"},"content":{"rendered":"<p>Mu\u00e9vase entre desiertos: desde la blancura de Uyuni hasta el dorado de Atacama. Esta es la oportunidad para un recorrido inolvidable que lo llevar\u00e1 hasta m\u00e1s de 4 900 m.s.n.m. Entre lagunas de colores y fauna diversa vivir\u00e1 uno de los viajes m\u00e1s inolvidables de su vida.<br \/>\n<em><br \/>\n<\/em><\/p>\n<p><strong>Incluye:<\/strong><\/p>\n<ul>\n<li>Traslado privado en un veh\u00edculo 4WD<\/li>\n<li>Gu\u00eda local biling\u00fce y entradas donde corresponda<\/li>\n<li>Alojamiento est\u00e1ndar en el Hotel de Sal<\/li>\n<li>Alojamiento est\u00e1ndar en un hotel local en Uyuni<\/li>\n<li>Comidas mencionadas<\/li>\n<\/ul>\n","protected":false},"excerpt":{"rendered":"<p>Mu\u00e9vase entre desiertos: desde la blancura de Uyuni hasta el dorado de Atacama. Esta es la oportunidad para un recorrido inolvidable que lo llevar\u00e1 hasta m\u00e1s de 4900 msnm. Entre lagunas de colores y fauna diversa vivir\u00e1 uno de los viajes m\u00e1s inolvidables de su vida.<\/p>\n","protected":false},"featured_media":5968,"template":"","meta":[],"product_cat":[139,58],"product_tag":[],"yst_prominent_words":[],"acf":[],"_links":{"self":[{"href":"https:\/\/crillontours.travel\/es\/wp-json\/wp\/v2\/product\/868"}],"collection":[{"href":"https:\/\/crillontours.travel\/es\/wp-json\/wp\/v2\/product"}],"about":[{"href":"https:\/\/crillontours.travel\/es\/wp-json\/wp\/v2\/types\/product"}],"wp:featuredmedia":[{"embeddable":true,"href":"https:\/\/crillontours.travel\/es\/wp-json\/wp\/v2\/media\/5968"}],"wp:attachment":[{"href":"https:\/\/crillontours.travel\/es\/wp-json\/wp\/v2\/media?parent=868"}],"wp:term":[{"taxonomy":"product_cat","embeddable":true,"href":"https:\/\/crillontours.travel\/es\/wp-json\/wp\/v2\/product_cat?post=868"},{"taxonomy":"product_tag","embeddable":true,"href":"https:\/\/crillontours.travel\/es\/wp-json\/wp\/v2\/product_tag?post=868"},{"taxonomy":"yst_prominent_words","embeddable":true,"href":"https:\/\/crillontours.travel\/es\/wp-json\/wp\/v2\/yst_prominent_words?post=868"}],"curies":[{"name":"wp","href":"https:\/\/api.w.org\/{rel}","templated":true}]}}