{"id":866,"date":"2018-07-04T04:46:05","date_gmt":"2018-07-04T08:46:05","guid":{"rendered":"http:\/\/www.lamulti.media\/beta\/crillon\/product\/airstream-camper-3-days-2-nights-lpb-hito-cajon-adv-266\/"},"modified":"2022-06-18T16:58:46","modified_gmt":"2022-06-18T20:58:46","slug":"experiencia-a-medida-muestra-itinerario-lujo-salar-uyuni","status":"publish","type":"product","link":"https:\/\/crillontours.travel\/es\/product\/experiencia-a-medida-muestra-itinerario-lujo-salar-uyuni\/","title":{"rendered":"Experiencia a Medida &#8211; Muestra Itinerario de Lujo Salar de Uyuni"},"content":{"rendered":"<p>Aventura en camper descubriendo g\u00e9iser, lagunas de colores, el salar de Uyuni, pueblos escondidos que mantienen su cultura viva y dedicando un tiempo especial a la contemplaci\u00f3n de la fauna que habita la zona. D\u00edas inolvidables.<\/p>\n<p>&nbsp;<\/p>\n<p><strong>Incluye:<\/strong><\/p>\n<ul>\n<li>Traslado privado en un veh\u00edculo 4WD<\/li>\n<li>Gu\u00eda local biling\u00fce y entradas donde corresponda<\/li>\n<li>Alojamiento de lujo en Airstream Camper<\/li>\n<li>Alojamiento est\u00e1ndar en el Hotel de Sal<\/li>\n<li>Comidas mencionadas<\/li>\n<\/ul>\n","protected":false},"excerpt":{"rendered":"<p>Aventura en camper descubriendo g\u00e9iser, lagunas de colores, el salar de Uyuni, pueblos escondidos que mantienen su cultura viva y dedicando un tiempo especial a la contemplaci\u00f3n de la fauna que habita la zona. D\u00edas inolvidables. &nbsp; Incluye: Traslado privado en un veh\u00edculo 4WD Gu\u00eda local biling\u00fce y entradas donde corresponda Alojamiento de lujo en Airstream Camper Alojamiento est\u00e1ndar en el Hotel de Sal Comidas mencionadas<\/p>\n","protected":false},"featured_media":6349,"template":"","meta":[],"product_cat":[71],"product_tag":[],"yst_prominent_words":[],"acf":[],"_links":{"self":[{"href":"https:\/\/crillontours.travel\/es\/wp-json\/wp\/v2\/product\/866"}],"collection":[{"href":"https:\/\/crillontours.travel\/es\/wp-json\/wp\/v2\/product"}],"about":[{"href":"https:\/\/crillontours.travel\/es\/wp-json\/wp\/v2\/types\/product"}],"wp:featuredmedia":[{"embeddable":true,"href":"https:\/\/crillontours.travel\/es\/wp-json\/wp\/v2\/media\/6349"}],"wp:attachment":[{"href":"https:\/\/crillontours.travel\/es\/wp-json\/wp\/v2\/media?parent=866"}],"wp:term":[{"taxonomy":"product_cat","embeddable":true,"href":"https:\/\/crillontours.travel\/es\/wp-json\/wp\/v2\/product_cat?post=866"},{"taxonomy":"product_tag","embeddable":true,"href":"https:\/\/crillontours.travel\/es\/wp-json\/wp\/v2\/product_tag?post=866"},{"taxonomy":"yst_prominent_words","embeddable":true,"href":"https:\/\/crillontours.travel\/es\/wp-json\/wp\/v2\/yst_prominent_words?post=866"}],"curies":[{"name":"wp","href":"https:\/\/api.w.org\/{rel}","templated":true}]}}