{"id":864,"date":"2018-07-04T04:40:25","date_gmt":"2018-07-04T08:40:25","guid":{"rendered":"http:\/\/www.lamulti.media\/beta\/crillon\/product\/airstream-camper-3-days-2-nights-lpb-hito-cajon\/"},"modified":"2020-02-25T17:32:43","modified_gmt":"2020-02-25T21:32:43","slug":"experiencia-de-lujo-en-airstream-camper-uyuni-a-atacama-o-viceversa-3-dias-2-noche","status":"publish","type":"product","link":"https:\/\/crillontours.travel\/es\/product\/experiencia-de-lujo-en-airstream-camper-uyuni-a-atacama-o-viceversa-3-dias-2-noche\/","title":{"rendered":"Experiencia de Lujo en Airstream Camper (Uyuni a Atacama O Viceversa) 3D\/N"},"content":{"rendered":"<p>Ac\u00e1 no solo podr\u00e1 gozar de la aventura de viajar por tierra en un camper de lujo, sino adem\u00e1s internarse en el blanco salar, descubrir la potencia de los g\u00e9iseres, maravillarse con el encanto de las lagunas de colores y hasta ser testigo del baile de los flamencos.<\/p>\n<p>&nbsp;<\/p>\n<p><strong>Incluye:<\/strong><\/p>\n<ul>\n<li>Traslado privado en un veh\u00edculo 4WD<\/li>\n<li>Gu\u00eda local biling\u00fce y entradas donde corresponda<\/li>\n<li>Alojamiento de lujo en Airstream Camper<\/li>\n<li>Comidas mencionadas<\/li>\n<\/ul>\n","protected":false},"excerpt":{"rendered":"<p>Ac\u00e1 no solo podr\u00e1 gozar de la aventura de viajar por tierra en un camper de lujo, sino adem\u00e1s internarse en el blanco salar, descubrir la potencia de los g\u00e9iseres, maravillarse con el encanto de las lagunas de colores y hasta ser testigo del baile de los flamencos. &nbsp; Incluye: Traslado privado en un veh\u00edculo 4WD Gu\u00eda local biling\u00fce y entradas donde corresponda Alojamiento de lujo en Airstream Camper Comidas mencionadas<\/p>\n","protected":false},"featured_media":3957,"template":"","meta":[],"product_cat":[836,840],"product_tag":[],"yst_prominent_words":[310,644,576,509,614,645,643,424,612,821,646],"acf":[],"_links":{"self":[{"href":"https:\/\/crillontours.travel\/es\/wp-json\/wp\/v2\/product\/864"}],"collection":[{"href":"https:\/\/crillontours.travel\/es\/wp-json\/wp\/v2\/product"}],"about":[{"href":"https:\/\/crillontours.travel\/es\/wp-json\/wp\/v2\/types\/product"}],"wp:featuredmedia":[{"embeddable":true,"href":"https:\/\/crillontours.travel\/es\/wp-json\/wp\/v2\/media\/3957"}],"wp:attachment":[{"href":"https:\/\/crillontours.travel\/es\/wp-json\/wp\/v2\/media?parent=864"}],"wp:term":[{"taxonomy":"product_cat","embeddable":true,"href":"https:\/\/crillontours.travel\/es\/wp-json\/wp\/v2\/product_cat?post=864"},{"taxonomy":"product_tag","embeddable":true,"href":"https:\/\/crillontours.travel\/es\/wp-json\/wp\/v2\/product_tag?post=864"},{"taxonomy":"yst_prominent_words","embeddable":true,"href":"https:\/\/crillontours.travel\/es\/wp-json\/wp\/v2\/yst_prominent_words?post=864"}],"curies":[{"name":"wp","href":"https:\/\/api.w.org\/{rel}","templated":true}]}}