{"id":862,"date":"2018-07-04T05:12:47","date_gmt":"2018-07-04T09:12:47","guid":{"rendered":"http:\/\/www.lamulti.media\/beta\/crillon\/product\/gourmet-lunch-at-uyuni-salt-lake\/"},"modified":"2020-02-25T17:31:13","modified_gmt":"2020-02-25T21:31:13","slug":"gourmet-lunch-at-uyuni-salt-lake","status":"publish","type":"product","link":"https:\/\/crillontours.travel\/es\/product\/gourmet-lunch-at-uyuni-salt-lake\/","title":{"rendered":"Almuerzo Gourmet en el Salar de Uyuni"},"content":{"rendered":"<p>Un experimentado chef se maneja con habilidad en un remolque utilitario compacto para ofrecer viandas deliciosas y servirlas en una carpa comedor en medio del Salar. La experiencia es \u00fanica y de lujo.<\/p>\n<p>&nbsp;<\/p>\n<p><strong>Incluye<\/strong><\/p>\n<ul>\n<li>Traslado privado en un veh\u00edculo 4WD<\/li>\n<li>Gu\u00eda local biling\u00fce<\/li>\n<li>Servicio de chef gourmet<\/li>\n<li>Almuerzo<\/li>\n<\/ul>\n<p>&nbsp;<\/p>\n<p><strong>Esta excursi\u00f3n est\u00e1 incluida en nuestros itineraros Deluxe Airstream Camper.<\/strong><\/p>\n","protected":false},"excerpt":{"rendered":"<p>Un experimentado chef se maneja con habilidad en un remolque utilitario compacto para ofrecer viandas deliciosas y servirlas en una carpa comedor en medio del Salar. La experiencia es \u00fanica y de lujo. &nbsp; Incluye Traslado privado en un veh\u00edculo 4WD Gu\u00eda local biling\u00fce Servicio de chef gourmet Almuerzo &nbsp; Esta excursi\u00f3n est\u00e1 incluida en nuestros itineraros Deluxe Airstream Camper.<\/p>\n","protected":false},"featured_media":6233,"template":"","meta":[],"product_cat":[836,841],"product_tag":[],"yst_prominent_words":[502,644,645,643,646],"acf":[],"_links":{"self":[{"href":"https:\/\/crillontours.travel\/es\/wp-json\/wp\/v2\/product\/862"}],"collection":[{"href":"https:\/\/crillontours.travel\/es\/wp-json\/wp\/v2\/product"}],"about":[{"href":"https:\/\/crillontours.travel\/es\/wp-json\/wp\/v2\/types\/product"}],"wp:featuredmedia":[{"embeddable":true,"href":"https:\/\/crillontours.travel\/es\/wp-json\/wp\/v2\/media\/6233"}],"wp:attachment":[{"href":"https:\/\/crillontours.travel\/es\/wp-json\/wp\/v2\/media?parent=862"}],"wp:term":[{"taxonomy":"product_cat","embeddable":true,"href":"https:\/\/crillontours.travel\/es\/wp-json\/wp\/v2\/product_cat?post=862"},{"taxonomy":"product_tag","embeddable":true,"href":"https:\/\/crillontours.travel\/es\/wp-json\/wp\/v2\/product_tag?post=862"},{"taxonomy":"yst_prominent_words","embeddable":true,"href":"https:\/\/crillontours.travel\/es\/wp-json\/wp\/v2\/yst_prominent_words?post=862"}],"curies":[{"name":"wp","href":"https:\/\/api.w.org\/{rel}","templated":true}]}}