{"id":860,"date":"2018-07-04T05:04:55","date_gmt":"2018-07-04T09:04:55","guid":{"rendered":"http:\/\/www.lamulti.media\/beta\/crillon\/product\/uyuni-salt-lake-escape-departure-and-arrival-at-uyuni-3-days-2-nights\/"},"modified":"2022-05-14T18:02:00","modified_gmt":"2022-05-14T22:02:00","slug":"uyuni-salt-lake-escape-departure-and-arrival-at-uyuni-3-days-2-nights","status":"publish","type":"product","link":"https:\/\/crillontours.travel\/es\/product\/uyuni-salt-lake-escape-departure-and-arrival-at-uyuni-3-days-2-nights\/","title":{"rendered":"Escape al Salar de Uyuni (Ida y Vuelta desde Uyuni) 3D\/2N"},"content":{"rendered":"<p>Viva la experiencia de dormir en un hotel de sal a orillas del Salar de Uyuni. Comparta con sus familiares o amigos la inmensidad del desierto blanco y coleccione esas im\u00e1genes inolvidables que reflejan el cielo en la tierra.<\/p>\n<p>&nbsp;<\/p>\n<p><strong>Incluye:\u00a0<\/strong><\/p>\n<ul>\n<li>Traslado privado en un veh\u00edculo 4WD<\/li>\n<li>Gu\u00eda local biling\u00fce y entradas donde corresponda<\/li>\n<li>Alojamiento est\u00e1ndar en el Hotel de Sal<\/li>\n<li>Comidas mencionadas<\/li>\n<\/ul>\n","protected":false},"excerpt":{"rendered":"<p>Viva la experiencia de dormir en un hotel de sal a orillas del Salar de Uyuni. Comparta con sus familiares o amigos la inmensidad del desierto blanco y coleccione esas im\u00e1genes inolvidables que reflejan el cielo en la tierra. &nbsp; Incluye:\u00a0 Traslado privado en un veh\u00edculo 4WD Gu\u00eda local biling\u00fce y entradas donde corresponda Alojamiento est\u00e1ndar en el Hotel de Sal Comidas mencionadas<\/p>\n","protected":false},"featured_media":5971,"template":"","meta":[],"product_cat":[139,58],"product_tag":[],"yst_prominent_words":[],"acf":[],"_links":{"self":[{"href":"https:\/\/crillontours.travel\/es\/wp-json\/wp\/v2\/product\/860"}],"collection":[{"href":"https:\/\/crillontours.travel\/es\/wp-json\/wp\/v2\/product"}],"about":[{"href":"https:\/\/crillontours.travel\/es\/wp-json\/wp\/v2\/types\/product"}],"wp:featuredmedia":[{"embeddable":true,"href":"https:\/\/crillontours.travel\/es\/wp-json\/wp\/v2\/media\/5971"}],"wp:attachment":[{"href":"https:\/\/crillontours.travel\/es\/wp-json\/wp\/v2\/media?parent=860"}],"wp:term":[{"taxonomy":"product_cat","embeddable":true,"href":"https:\/\/crillontours.travel\/es\/wp-json\/wp\/v2\/product_cat?post=860"},{"taxonomy":"product_tag","embeddable":true,"href":"https:\/\/crillontours.travel\/es\/wp-json\/wp\/v2\/product_tag?post=860"},{"taxonomy":"yst_prominent_words","embeddable":true,"href":"https:\/\/crillontours.travel\/es\/wp-json\/wp\/v2\/yst_prominent_words?post=860"}],"curies":[{"name":"wp","href":"https:\/\/api.w.org\/{rel}","templated":true}]}}