{"id":839,"date":"2018-07-04T09:50:28","date_gmt":"2018-07-04T13:50:28","guid":{"rendered":"http:\/\/www.lamulti.media\/beta\/crillon\/product\/fd-samaipata\/"},"modified":"2022-05-14T18:01:30","modified_gmt":"2022-05-14T22:01:30","slug":"fd-samaipata-2","status":"publish","type":"product","link":"https:\/\/crillontours.travel\/es\/product\/fd-samaipata-2\/","title":{"rendered":"FD Samaipata"},"content":{"rendered":"<p>Recojo pasajeros y traslado a Samaipata.<\/p>\n<p>&nbsp;<\/p>\n<p><strong>Incluye:<\/strong><\/p>\n<ul>\n<li>Traslado en veh\u00edculo privado<\/li>\n<li>Gu\u00eda local biling\u00fce y entradas donde corresponda<\/li>\n<li>Almuerzo en un restaurante local<\/li>\n<\/ul>\n","protected":false},"excerpt":{"rendered":"<p>Recojo pasajeros y traslado a Samaipata. &nbsp; Incluye: Traslado en veh\u00edculo privado Gu\u00eda local biling\u00fce y entradas donde corresponda Almuerzo en un restaurante local<\/p>\n","protected":false},"featured_media":6297,"template":"","meta":[],"product_cat":[119,56],"product_tag":[],"yst_prominent_words":[],"acf":[],"_links":{"self":[{"href":"https:\/\/crillontours.travel\/es\/wp-json\/wp\/v2\/product\/839"}],"collection":[{"href":"https:\/\/crillontours.travel\/es\/wp-json\/wp\/v2\/product"}],"about":[{"href":"https:\/\/crillontours.travel\/es\/wp-json\/wp\/v2\/types\/product"}],"wp:featuredmedia":[{"embeddable":true,"href":"https:\/\/crillontours.travel\/es\/wp-json\/wp\/v2\/media\/6297"}],"wp:attachment":[{"href":"https:\/\/crillontours.travel\/es\/wp-json\/wp\/v2\/media?parent=839"}],"wp:term":[{"taxonomy":"product_cat","embeddable":true,"href":"https:\/\/crillontours.travel\/es\/wp-json\/wp\/v2\/product_cat?post=839"},{"taxonomy":"product_tag","embeddable":true,"href":"https:\/\/crillontours.travel\/es\/wp-json\/wp\/v2\/product_tag?post=839"},{"taxonomy":"yst_prominent_words","embeddable":true,"href":"https:\/\/crillontours.travel\/es\/wp-json\/wp\/v2\/yst_prominent_words?post=839"}],"curies":[{"name":"wp","href":"https:\/\/api.w.org\/{rel}","templated":true}]}}