{"id":835,"date":"2018-07-04T09:59:53","date_gmt":"2018-07-04T13:59:53","guid":{"rendered":"http:\/\/www.lamulti.media\/beta\/crillon\/product\/santa-cruz-srz-1-2-dias-1-noche\/"},"modified":"2022-05-14T18:01:21","modified_gmt":"2022-05-14T22:01:21","slug":"santa-cruz-srz-1-2-dias-1-noche","status":"publish","type":"product","link":"https:\/\/crillontours.travel\/es\/product\/santa-cruz-srz-1-2-dias-1-noche\/","title":{"rendered":"Santa Cruz  2 d\u00edas\/1 noche"},"content":{"rendered":"<p>Durante dos d\u00edas tendr\u00e1 el placer de descubrir una de las ciudades con mayor historia de Bolivia. Santa Cruz alberga historia, gastronom\u00eda, vida nocturna y cultura. Un todo en uno que vale la pena gozar.<\/p>\n<p>&nbsp;<\/p>\n<p><strong>Incluye: <\/strong><\/p>\n<ul>\n<li>Traslado en veh\u00edculo privado<\/li>\n<li>Gu\u00eda local biling\u00fce y entradas donde corresponda<\/li>\n<li>Comidas mencionadas<\/li>\n<li>Alojamiento local est\u00e1ndar<\/li>\n<\/ul>\n","protected":false},"excerpt":{"rendered":"<p>Durante dos d\u00edas tendr\u00e1 el placer de descubrir una de las ciudades con mayor historia de Bolivia. Santa Cruz alberga historia, gastronom\u00eda, vida nocturna y cultura. Un todo en uno que vale la pena gozar. &nbsp; Incluye: Traslado en veh\u00edculo privado Gu\u00eda local biling\u00fce y entradas donde corresponda Comidas mencionadas Alojamiento local est\u00e1ndar<\/p>\n","protected":false},"featured_media":4002,"template":"","meta":[],"product_cat":[121,56],"product_tag":[],"yst_prominent_words":[],"acf":[],"_links":{"self":[{"href":"https:\/\/crillontours.travel\/es\/wp-json\/wp\/v2\/product\/835"}],"collection":[{"href":"https:\/\/crillontours.travel\/es\/wp-json\/wp\/v2\/product"}],"about":[{"href":"https:\/\/crillontours.travel\/es\/wp-json\/wp\/v2\/types\/product"}],"wp:featuredmedia":[{"embeddable":true,"href":"https:\/\/crillontours.travel\/es\/wp-json\/wp\/v2\/media\/4002"}],"wp:attachment":[{"href":"https:\/\/crillontours.travel\/es\/wp-json\/wp\/v2\/media?parent=835"}],"wp:term":[{"taxonomy":"product_cat","embeddable":true,"href":"https:\/\/crillontours.travel\/es\/wp-json\/wp\/v2\/product_cat?post=835"},{"taxonomy":"product_tag","embeddable":true,"href":"https:\/\/crillontours.travel\/es\/wp-json\/wp\/v2\/product_tag?post=835"},{"taxonomy":"yst_prominent_words","embeddable":true,"href":"https:\/\/crillontours.travel\/es\/wp-json\/wp\/v2\/yst_prominent_words?post=835"}],"curies":[{"name":"wp","href":"https:\/\/api.w.org\/{rel}","templated":true}]}}