{"id":833,"date":"2018-07-04T10:03:31","date_gmt":"2018-07-04T14:03:31","guid":{"rendered":"http:\/\/www.lamulti.media\/beta\/crillon\/product\/santa-cruz-samaipata-srz-2-3-dias-2-noches\/"},"modified":"2022-05-14T18:01:17","modified_gmt":"2022-05-14T22:01:17","slug":"santa-cruz-samaipata-srz-2-3-dias-2-noches","status":"publish","type":"product","link":"https:\/\/crillontours.travel\/es\/product\/santa-cruz-samaipata-srz-2-3-dias-2-noches\/","title":{"rendered":"Santa Cruz &#8211; Samaipata SRZ-2   3 d\u00edas\/2 noches"},"content":{"rendered":"<p>De la ciudad a la naturaleza, con pinceladas de historia y cultura viva. Esta es una experiencia panor\u00e1mica que le permitir\u00e1 disfrutar de un abanico de posibilidades que adem\u00e1s incluyen observaci\u00f3n de flora y fauna, caminatas y gastronom\u00eda.<\/p>\n<p>&nbsp;<\/p>\n<p><strong>Incluye:<\/strong><\/p>\n<ul>\n<li>Traslado en veh\u00edculo privado<\/li>\n<li>Gu\u00eda local biling\u00fce y entradas donde corresponda<\/li>\n<li>Comidas mencionadas<\/li>\n<li>Alojamiento local est\u00e1ndar<\/li>\n<\/ul>\n","protected":false},"excerpt":{"rendered":"<p>De la ciudad a la naturaleza, con pinceladas de historia y cultura viva. Esta es una experiencia panor\u00e1mica que le permitir\u00e1 disfrutar de un abanico de posibilidades que adem\u00e1s incluyen observaci\u00f3n de flora y fauna, caminatas y gastronom\u00eda. &nbsp; Incluye: Traslado en veh\u00edculo privado Gu\u00eda local biling\u00fce y entradas donde corresponda Comidas mencionadas Alojamiento local est\u00e1ndar<\/p>\n","protected":false},"featured_media":4082,"template":"","meta":[],"product_cat":[121,56],"product_tag":[],"yst_prominent_words":[],"acf":[],"_links":{"self":[{"href":"https:\/\/crillontours.travel\/es\/wp-json\/wp\/v2\/product\/833"}],"collection":[{"href":"https:\/\/crillontours.travel\/es\/wp-json\/wp\/v2\/product"}],"about":[{"href":"https:\/\/crillontours.travel\/es\/wp-json\/wp\/v2\/types\/product"}],"wp:featuredmedia":[{"embeddable":true,"href":"https:\/\/crillontours.travel\/es\/wp-json\/wp\/v2\/media\/4082"}],"wp:attachment":[{"href":"https:\/\/crillontours.travel\/es\/wp-json\/wp\/v2\/media?parent=833"}],"wp:term":[{"taxonomy":"product_cat","embeddable":true,"href":"https:\/\/crillontours.travel\/es\/wp-json\/wp\/v2\/product_cat?post=833"},{"taxonomy":"product_tag","embeddable":true,"href":"https:\/\/crillontours.travel\/es\/wp-json\/wp\/v2\/product_tag?post=833"},{"taxonomy":"yst_prominent_words","embeddable":true,"href":"https:\/\/crillontours.travel\/es\/wp-json\/wp\/v2\/yst_prominent_words?post=833"}],"curies":[{"name":"wp","href":"https:\/\/api.w.org\/{rel}","templated":true}]}}