{"id":831,"date":"2018-07-04T10:06:36","date_gmt":"2018-07-04T14:06:36","guid":{"rendered":"http:\/\/www.lamulti.media\/beta\/crillon\/product\/misiones-jesuitas-srz-3-2-dias-1-noche\/"},"modified":"2022-05-14T18:01:12","modified_gmt":"2022-05-14T22:01:12","slug":"misiones-jesuitas-srz-3-2-dias-1-noche","status":"publish","type":"product","link":"https:\/\/crillontours.travel\/es\/product\/misiones-jesuitas-srz-3-2-dias-1-noche\/","title":{"rendered":"Misiones Jesuitas 2 d\u00edas\/1 noche"},"content":{"rendered":"<p>Introducirse en el mundo m\u00edstico y religioso de esta zona de Bolivia es una aventura que conjuga adem\u00e1s de tradici\u00f3n, arquitectura y naturaleza, ya que las misiones est\u00e1n ubicadas en el \u00e1rea de la selva del pa\u00eds. Esta es la oportunidad.<\/p>\n<p>&nbsp;<\/p>\n<p><strong>Incluye:<\/strong><\/p>\n<ul>\n<li>Traslado en veh\u00edculo privado<\/li>\n<li>Gu\u00eda local biling\u00fce y entradas donde corresponda<\/li>\n<li>Comidas mencionadas<\/li>\n<li>Alojamiento local est\u00e1ndar<\/li>\n<\/ul>\n","protected":false},"excerpt":{"rendered":"<p>Introducirse en el mundo m\u00edstico y religioso de esta zona de Bolivia es una aventura que conjuga adem\u00e1s de tradici\u00f3n, arquitectura y naturaleza, ya que las misiones est\u00e1n ubicadas en el \u00e1rea de la selva del pa\u00eds. Esta es la oportunidad. &nbsp; Incluye: Traslado en veh\u00edculo privado Gu\u00eda local biling\u00fce y entradas donde corresponda Comidas mencionadas Alojamiento local est\u00e1ndar<\/p>\n","protected":false},"featured_media":4094,"template":"","meta":[],"product_cat":[121,56],"product_tag":[],"yst_prominent_words":[],"acf":[],"_links":{"self":[{"href":"https:\/\/crillontours.travel\/es\/wp-json\/wp\/v2\/product\/831"}],"collection":[{"href":"https:\/\/crillontours.travel\/es\/wp-json\/wp\/v2\/product"}],"about":[{"href":"https:\/\/crillontours.travel\/es\/wp-json\/wp\/v2\/types\/product"}],"wp:featuredmedia":[{"embeddable":true,"href":"https:\/\/crillontours.travel\/es\/wp-json\/wp\/v2\/media\/4094"}],"wp:attachment":[{"href":"https:\/\/crillontours.travel\/es\/wp-json\/wp\/v2\/media?parent=831"}],"wp:term":[{"taxonomy":"product_cat","embeddable":true,"href":"https:\/\/crillontours.travel\/es\/wp-json\/wp\/v2\/product_cat?post=831"},{"taxonomy":"product_tag","embeddable":true,"href":"https:\/\/crillontours.travel\/es\/wp-json\/wp\/v2\/product_tag?post=831"},{"taxonomy":"yst_prominent_words","embeddable":true,"href":"https:\/\/crillontours.travel\/es\/wp-json\/wp\/v2\/yst_prominent_words?post=831"}],"curies":[{"name":"wp","href":"https:\/\/api.w.org\/{rel}","templated":true}]}}