{"id":3429,"date":"2018-08-01T05:15:07","date_gmt":"2018-08-01T09:15:07","guid":{"rendered":"https:\/\/crillontours.travel\/product\/escape-isla-del-sol-ida-vuelta-desde-la-paz-2-dias-1-noche\/"},"modified":"2022-05-14T18:03:32","modified_gmt":"2022-05-14T22:03:32","slug":"escape-isla-del-sol-ida-vuelta-desde-la-paz-2-dias-1-noche","status":"publish","type":"product","link":"https:\/\/crillontours.travel\/es\/product\/escape-isla-del-sol-ida-vuelta-desde-la-paz-2-dias-1-noche\/","title":{"rendered":"ESCAPE A LA ISLA DEL SOL (IDA Y VUELTA DESDE LA PAZ) 2 D\u00cdAS \/ 1 NOCHE"},"content":{"rendered":"<p>Un encuentro con una familia legendaria, visita a islas que albergan cultura y naturaleza, gastronom\u00eda local y paseos por mercados artesanales son algunas de las sorpresas que guarda este recorrido de dos d\u00edas en el lago Titicaca.<\/p>\n<p>&nbsp;<\/p>\n<p><strong>Incluye:<\/strong><\/p>\n<ul>\n<li>Traslado compartido<\/li>\n<li>Crucero compartido Aliscafo<\/li>\n<li>Gu\u00eda local biling\u00fce y entradas donde corresponda<\/li>\n<li>Comidas mencionadas<\/li>\n<li>Pernocte en Albergueecol\u00f3gico Posada del Inca<\/li>\n<\/ul>\n","protected":false},"excerpt":{"rendered":"<p>Un encuentro con una familia legendaria, visita a islas que albergan cultura y naturaleza, gastronom\u00eda local y paseos por mercados artesanales son algunas de las sorpresas que guarda este recorrido de dos d\u00edas en el lago Titicaca. &nbsp; Incluye: Traslado compartido Crucero compartido Aliscafo Gu\u00eda local biling\u00fce y entradas donde corresponda Comidas mencionadas Pernocte en Albergueecol\u00f3gico Posada del Inca<\/p>\n","protected":false},"featured_media":3072,"template":"","meta":[],"product_cat":[51],"product_tag":[],"yst_prominent_words":[],"acf":[],"_links":{"self":[{"href":"https:\/\/crillontours.travel\/es\/wp-json\/wp\/v2\/product\/3429"}],"collection":[{"href":"https:\/\/crillontours.travel\/es\/wp-json\/wp\/v2\/product"}],"about":[{"href":"https:\/\/crillontours.travel\/es\/wp-json\/wp\/v2\/types\/product"}],"wp:featuredmedia":[{"embeddable":true,"href":"https:\/\/crillontours.travel\/es\/wp-json\/wp\/v2\/media\/3072"}],"wp:attachment":[{"href":"https:\/\/crillontours.travel\/es\/wp-json\/wp\/v2\/media?parent=3429"}],"wp:term":[{"taxonomy":"product_cat","embeddable":true,"href":"https:\/\/crillontours.travel\/es\/wp-json\/wp\/v2\/product_cat?post=3429"},{"taxonomy":"product_tag","embeddable":true,"href":"https:\/\/crillontours.travel\/es\/wp-json\/wp\/v2\/product_tag?post=3429"},{"taxonomy":"yst_prominent_words","embeddable":true,"href":"https:\/\/crillontours.travel\/es\/wp-json\/wp\/v2\/yst_prominent_words?post=3429"}],"curies":[{"name":"wp","href":"https:\/\/api.w.org\/{rel}","templated":true}]}}