{"id":1420,"date":"2018-08-01T07:54:20","date_gmt":"2018-08-01T11:54:20","guid":{"rendered":"http:\/\/www.lamulti.media\/beta\/crillon\/product\/muestra-itinerario-deluxe-chile-bolivia-peru\/"},"modified":"2019-01-10T23:05:04","modified_gmt":"2019-01-11T03:05:04","slug":"corredor-de-lujo-chile-bolivia-peru","status":"publish","type":"product","link":"https:\/\/crillontours.travel\/es\/product\/corredor-de-lujo-chile-bolivia-peru\/","title":{"rendered":"Corredor de Lujo: Chile- Bolivia-Per\u00fa"},"content":{"rendered":"<p>Tres pa\u00edses que se hermanan por cultura y biodiversidad, que se unen en los Andes y cuentan historias m\u00edticas, revelan paisajes emotivos y albergan pueblos con tradiciones ancestrales.<\/p>\n","protected":false},"excerpt":{"rendered":"<p>Tres pa\u00edses que se hermanan por cultura y biodiversidad, que se unen en los Andes y cuentan historias m\u00edticas, revelan paisajes emotivos y albergan pueblos con tradiciones ancestrales.<\/p>\n","protected":false},"featured_media":4642,"template":"","meta":[],"product_cat":[71],"product_tag":[],"yst_prominent_words":[],"acf":[],"_links":{"self":[{"href":"https:\/\/crillontours.travel\/es\/wp-json\/wp\/v2\/product\/1420"}],"collection":[{"href":"https:\/\/crillontours.travel\/es\/wp-json\/wp\/v2\/product"}],"about":[{"href":"https:\/\/crillontours.travel\/es\/wp-json\/wp\/v2\/types\/product"}],"wp:featuredmedia":[{"embeddable":true,"href":"https:\/\/crillontours.travel\/es\/wp-json\/wp\/v2\/media\/4642"}],"wp:attachment":[{"href":"https:\/\/crillontours.travel\/es\/wp-json\/wp\/v2\/media?parent=1420"}],"wp:term":[{"taxonomy":"product_cat","embeddable":true,"href":"https:\/\/crillontours.travel\/es\/wp-json\/wp\/v2\/product_cat?post=1420"},{"taxonomy":"product_tag","embeddable":true,"href":"https:\/\/crillontours.travel\/es\/wp-json\/wp\/v2\/product_tag?post=1420"},{"taxonomy":"yst_prominent_words","embeddable":true,"href":"https:\/\/crillontours.travel\/es\/wp-json\/wp\/v2\/yst_prominent_words?post=1420"}],"curies":[{"name":"wp","href":"https:\/\/api.w.org\/{rel}","templated":true}]}}