{"id":1287,"date":"2018-07-31T13:01:26","date_gmt":"2018-07-31T17:01:26","guid":{"rendered":"http:\/\/www.lamulti.media\/beta\/crillon\/product\/sib-grantour-de-america-del-sur-2018\/"},"modified":"2022-06-18T17:10:45","modified_gmt":"2022-06-18T21:10:45","slug":"grantour-de-america-del-sur","status":"publish","type":"product","link":"https:\/\/crillontours.travel\/es\/product\/grantour-de-america-del-sur\/","title":{"rendered":"Grantour de Am\u00e9rica del Sur"},"content":{"rendered":"<p>Una intensa vuelta por Sudam\u00e9rica en 14 d\u00edas. Las principales ciudades y la naturaleza extrema se mezclan en una aventura inigualable que combina urbe, paisajes y cultura viva.<\/p>\n<p><em><strong><ins>Por favor, pregunte por nuestras tarifas en este tour y otras opciones de Am\u00e9rica del Sur.<\/ins><\/strong><\/em><\/p>\n","protected":false},"excerpt":{"rendered":"<p>Una intensa vuelta por Sudam\u00e9rica en 14 d\u00edas. Las principales ciudades y la naturaleza extrema se mezclan en una aventura inigualable que combina urbe, paisajes y cultura viva. Por favor, pregunte por nuestras tarifas en este tour y otras opciones de Am\u00e9rica del Sur.<\/p>\n","protected":false},"featured_media":4161,"template":"","meta":[],"product_cat":[67],"product_tag":[],"yst_prominent_words":[],"acf":[],"_links":{"self":[{"href":"https:\/\/crillontours.travel\/es\/wp-json\/wp\/v2\/product\/1287"}],"collection":[{"href":"https:\/\/crillontours.travel\/es\/wp-json\/wp\/v2\/product"}],"about":[{"href":"https:\/\/crillontours.travel\/es\/wp-json\/wp\/v2\/types\/product"}],"wp:featuredmedia":[{"embeddable":true,"href":"https:\/\/crillontours.travel\/es\/wp-json\/wp\/v2\/media\/4161"}],"wp:attachment":[{"href":"https:\/\/crillontours.travel\/es\/wp-json\/wp\/v2\/media?parent=1287"}],"wp:term":[{"taxonomy":"product_cat","embeddable":true,"href":"https:\/\/crillontours.travel\/es\/wp-json\/wp\/v2\/product_cat?post=1287"},{"taxonomy":"product_tag","embeddable":true,"href":"https:\/\/crillontours.travel\/es\/wp-json\/wp\/v2\/product_tag?post=1287"},{"taxonomy":"yst_prominent_words","embeddable":true,"href":"https:\/\/crillontours.travel\/es\/wp-json\/wp\/v2\/yst_prominent_words?post=1287"}],"curies":[{"name":"wp","href":"https:\/\/api.w.org\/{rel}","templated":true}]}}