{"id":1285,"date":"2018-08-01T11:50:51","date_gmt":"2018-08-01T15:50:51","guid":{"rendered":"http:\/\/www.lamulti.media\/beta\/crillon\/product\/transferencia-nocturna-hacia-desde-aeropuerto-en-la-paz-lpb-t2\/"},"modified":"2022-05-14T17:52:41","modified_gmt":"2022-05-14T21:52:41","slug":"transferencia-nocturna-hacia-desde-aeropuerto-en-la-paz-lpb-t2","status":"publish","type":"product","link":"https:\/\/crillontours.travel\/es\/product\/transferencia-nocturna-hacia-desde-aeropuerto-en-la-paz-lpb-t2\/","title":{"rendered":"Transferencia Nocturna Hacia\/Desde Aeropuerto en La Paz"},"content":{"rendered":"<p>Traslado desde el aeropuerto hacia\/desde su hotel en La Paz. El aeropuerto de La Paz se encuentra a 25 minutos del centro de la ciudad y a 50 minutos del distrito sur.<\/p>\n<p>&nbsp;<\/p>\n<p><strong>Incluye:<\/strong><\/p>\n<ul>\n<li>Traslado en un veh\u00edculo privado<\/li>\n<li>Gu\u00eda local biling\u00fce<\/li>\n<li>Transporte de equipaje en el aeropuerto<\/li>\n<\/ul>\n","protected":false},"excerpt":{"rendered":"<p>Traslado desde el aeropuerto hacia\/desde su hotel en La Paz. El aeropuerto de La Paz se encuentra a 25 minutos del centro de la ciudad y a 50 minutos del distrito sur. &nbsp; Incluye: Traslado en un veh\u00edculo privado Gu\u00eda local biling\u00fce Transporte de equipaje en el aeropuerto<\/p>\n","protected":false},"featured_media":4638,"template":"","meta":[],"product_cat":[57],"product_tag":[],"yst_prominent_words":[],"acf":[],"_links":{"self":[{"href":"https:\/\/crillontours.travel\/es\/wp-json\/wp\/v2\/product\/1285"}],"collection":[{"href":"https:\/\/crillontours.travel\/es\/wp-json\/wp\/v2\/product"}],"about":[{"href":"https:\/\/crillontours.travel\/es\/wp-json\/wp\/v2\/types\/product"}],"wp:featuredmedia":[{"embeddable":true,"href":"https:\/\/crillontours.travel\/es\/wp-json\/wp\/v2\/media\/4638"}],"wp:attachment":[{"href":"https:\/\/crillontours.travel\/es\/wp-json\/wp\/v2\/media?parent=1285"}],"wp:term":[{"taxonomy":"product_cat","embeddable":true,"href":"https:\/\/crillontours.travel\/es\/wp-json\/wp\/v2\/product_cat?post=1285"},{"taxonomy":"product_tag","embeddable":true,"href":"https:\/\/crillontours.travel\/es\/wp-json\/wp\/v2\/product_tag?post=1285"},{"taxonomy":"yst_prominent_words","embeddable":true,"href":"https:\/\/crillontours.travel\/es\/wp-json\/wp\/v2\/yst_prominent_words?post=1285"}],"curies":[{"name":"wp","href":"https:\/\/api.w.org\/{rel}","templated":true}]}}