{"id":1272,"date":"2018-08-01T03:47:54","date_gmt":"2018-08-01T07:47:54","guid":{"rendered":"http:\/\/www.lamulti.media\/beta\/crillon\/product\/paquete-local-del-lago-titicaca-dia-entero-ijl-032\/"},"modified":"2022-05-14T18:00:30","modified_gmt":"2022-05-14T22:00:30","slug":"la-travesia-del-inca-ida-y-vuelta-desde-la-paz-dia-completo","status":"publish","type":"product","link":"https:\/\/crillontours.travel\/es\/product\/la-travesia-del-inca-ida-y-vuelta-desde-la-paz-dia-completo\/","title":{"rendered":"LA TRAVES\u00cdA DEL INCA (IDA Y VUELTA DESDE LA PAZ) D\u00cdA COMPLETO"},"content":{"rendered":"<p>Recorra el camino lleno de paisajes memorables que une La Paz y Copacabana y descubra, entre visitas m\u00edsticas e hist\u00f3ricas, esta entregada y colorida ciudad y el lago Tititcaca, el m\u00e1s alto del mundo, donde a\u00fan habitan culturas ancestrales.<\/p>\n<p>&nbsp;<\/p>\n<p><strong>Incluye:<\/strong><\/p>\n<ul>\n<li>Traslado compartido<\/li>\n<li>Crucero compartido Aliscafo<\/li>\n<li>Gu\u00eda local biling\u00fce y entradas donde corresponda<\/li>\n<li>Almuerzo en el Restaurant Uma Kollu \u2013 Isla del Sol<\/li>\n<\/ul>\n","protected":false},"excerpt":{"rendered":"<p>Recorra el camino lleno de paisajes memorables que une La Paz y Copacabana y descubra, entre visitas m\u00edsticas e hist\u00f3ricas, esta entregada y colorida ciudad y el lago Tititcaca, el m\u00e1s alto del mundo, donde a\u00fan habitan culturas ancestrales. &nbsp; Incluye: Traslado compartido Crucero compartido Aliscafo Gu\u00eda local biling\u00fce y entradas donde corresponda Almuerzo en el Restaurant Uma Kollu \u2013 Isla del Sol<\/p>\n","protected":false},"featured_media":5956,"template":"","meta":[],"product_cat":[51],"product_tag":[],"yst_prominent_words":[],"acf":[],"_links":{"self":[{"href":"https:\/\/crillontours.travel\/es\/wp-json\/wp\/v2\/product\/1272"}],"collection":[{"href":"https:\/\/crillontours.travel\/es\/wp-json\/wp\/v2\/product"}],"about":[{"href":"https:\/\/crillontours.travel\/es\/wp-json\/wp\/v2\/types\/product"}],"wp:featuredmedia":[{"embeddable":true,"href":"https:\/\/crillontours.travel\/es\/wp-json\/wp\/v2\/media\/5956"}],"wp:attachment":[{"href":"https:\/\/crillontours.travel\/es\/wp-json\/wp\/v2\/media?parent=1272"}],"wp:term":[{"taxonomy":"product_cat","embeddable":true,"href":"https:\/\/crillontours.travel\/es\/wp-json\/wp\/v2\/product_cat?post=1272"},{"taxonomy":"product_tag","embeddable":true,"href":"https:\/\/crillontours.travel\/es\/wp-json\/wp\/v2\/product_tag?post=1272"},{"taxonomy":"yst_prominent_words","embeddable":true,"href":"https:\/\/crillontours.travel\/es\/wp-json\/wp\/v2\/yst_prominent_words?post=1272"}],"curies":[{"name":"wp","href":"https:\/\/api.w.org\/{rel}","templated":true}]}}