{"id":1264,"date":"2018-08-01T04:22:16","date_gmt":"2018-08-01T08:22:16","guid":{"rendered":"http:\/\/www.lamulti.media\/beta\/crillon\/product\/paquete-local-del-lago-titicaca-2-dias-1-noche-pct-130\/"},"modified":"2022-05-14T18:00:16","modified_gmt":"2022-05-14T22:00:16","slug":"desde-el-ocaso-hasta-el-amanecer-ida-y-vuelta-desde-la-paz-2-dias-1-noche","status":"publish","type":"product","link":"https:\/\/crillontours.travel\/es\/product\/desde-el-ocaso-hasta-el-amanecer-ida-y-vuelta-desde-la-paz-2-dias-1-noche\/","title":{"rendered":"Desde el ocaso hasta el amanecer (Ida y vuelta desde La Paz) 2 d\u00edas\/ 1 noche"},"content":{"rendered":"<p>Det\u00e9ngase y explore. A veces un d\u00eda no es suficiente para internarse en las maravillas que ofrece el lago Titicaca, el m\u00e1s alto del mundo. En esta ocasi\u00f3n la ruta arranca en La Paz y lo conduce a un encuentro con las constelaciones.<\/p>\n","protected":false},"excerpt":{"rendered":"<p>Det\u00e9ngase y explore. A veces un d\u00eda no es suficiente para internarse en las maravillas que ofrece el lago Titicaca, el m\u00e1s alto del mundo. En esta ocasi\u00f3n la ruta arranca en La Paz y lo conduce a un encuentro con las constelaciones.<\/p>\n","protected":false},"featured_media":4205,"template":"","meta":[],"product_cat":[51],"product_tag":[],"yst_prominent_words":[],"acf":[],"_links":{"self":[{"href":"https:\/\/crillontours.travel\/es\/wp-json\/wp\/v2\/product\/1264"}],"collection":[{"href":"https:\/\/crillontours.travel\/es\/wp-json\/wp\/v2\/product"}],"about":[{"href":"https:\/\/crillontours.travel\/es\/wp-json\/wp\/v2\/types\/product"}],"wp:featuredmedia":[{"embeddable":true,"href":"https:\/\/crillontours.travel\/es\/wp-json\/wp\/v2\/media\/4205"}],"wp:attachment":[{"href":"https:\/\/crillontours.travel\/es\/wp-json\/wp\/v2\/media?parent=1264"}],"wp:term":[{"taxonomy":"product_cat","embeddable":true,"href":"https:\/\/crillontours.travel\/es\/wp-json\/wp\/v2\/product_cat?post=1264"},{"taxonomy":"product_tag","embeddable":true,"href":"https:\/\/crillontours.travel\/es\/wp-json\/wp\/v2\/product_tag?post=1264"},{"taxonomy":"yst_prominent_words","embeddable":true,"href":"https:\/\/crillontours.travel\/es\/wp-json\/wp\/v2\/yst_prominent_words?post=1264"}],"curies":[{"name":"wp","href":"https:\/\/api.w.org\/{rel}","templated":true}]}}