{"id":1262,"date":"2018-08-01T04:45:42","date_gmt":"2018-08-01T08:45:42","guid":{"rendered":"http:\/\/www.lamulti.media\/beta\/crillon\/product\/sur-paquete-internacional-del-lago-titicaca-puno-la-paz-2-dias-1-noche-pct-131\/"},"modified":"2022-05-14T18:00:15","modified_gmt":"2022-05-14T22:00:15","slug":"desde-ocaso-hasta-amanecer-puno-la-paz-2-dias-1-noche","status":"publish","type":"product","link":"https:\/\/crillontours.travel\/es\/product\/desde-ocaso-hasta-amanecer-puno-la-paz-2-dias-1-noche\/","title":{"rendered":"Desde el ocaso hasta el amanecer (Desde Puno a La Paz) 2 d\u00edas \/ 1 noche"},"content":{"rendered":"<p>La conexi\u00f3n de dos pa\u00edses comparten imaginario, cultura viva y lago. Un recorrido de dos d\u00edas que conecta con la parte m\u00edstica de la historia, que revela el futuro y lo acomoda bajo las estrellas al son de una m\u00e1gica traves\u00eda astral.<\/p>\n<p>&nbsp;<\/p>\n<p><strong>Incluye:<\/strong><\/p>\n<ul>\n<li>Traslado compartido<\/li>\n<li>Crucero compartido Aliscafo<\/li>\n<li>Gu\u00eda local biling\u00fce y entradas donde corresponda<\/li>\n<li>Pernocte en el Inca Utama Hotel &amp; Cultural Resort<\/li>\n<li>Comidas mencionadas<\/li>\n<\/ul>\n","protected":false},"excerpt":{"rendered":"<p>La conexi\u00f3n de dos pa\u00edses comparten imaginario, cultura viva y lago. Un recorrido de dos d\u00edas que conecta con la parte m\u00edstica de la historia, que revela el futuro y lo acomoda bajo las estrellas al son de una m\u00e1gica traves\u00eda astral. &nbsp; Incluye: Traslado compartido Crucero compartido Aliscafo Gu\u00eda local biling\u00fce y entradas donde corresponda Pernocte en el Inca Utama Hotel &amp; Cultural Resort Comidas mencionadas<\/p>\n","protected":false},"featured_media":5959,"template":"","meta":[],"product_cat":[51],"product_tag":[],"yst_prominent_words":[],"acf":[],"_links":{"self":[{"href":"https:\/\/crillontours.travel\/es\/wp-json\/wp\/v2\/product\/1262"}],"collection":[{"href":"https:\/\/crillontours.travel\/es\/wp-json\/wp\/v2\/product"}],"about":[{"href":"https:\/\/crillontours.travel\/es\/wp-json\/wp\/v2\/types\/product"}],"wp:featuredmedia":[{"embeddable":true,"href":"https:\/\/crillontours.travel\/es\/wp-json\/wp\/v2\/media\/5959"}],"wp:attachment":[{"href":"https:\/\/crillontours.travel\/es\/wp-json\/wp\/v2\/media?parent=1262"}],"wp:term":[{"taxonomy":"product_cat","embeddable":true,"href":"https:\/\/crillontours.travel\/es\/wp-json\/wp\/v2\/product_cat?post=1262"},{"taxonomy":"product_tag","embeddable":true,"href":"https:\/\/crillontours.travel\/es\/wp-json\/wp\/v2\/product_tag?post=1262"},{"taxonomy":"yst_prominent_words","embeddable":true,"href":"https:\/\/crillontours.travel\/es\/wp-json\/wp\/v2\/yst_prominent_words?post=1262"}],"curies":[{"name":"wp","href":"https:\/\/api.w.org\/{rel}","templated":true}]}}