{"id":1259,"date":"2018-08-01T04:46:45","date_gmt":"2018-08-01T08:46:45","guid":{"rendered":"http:\/\/www.lamulti.media\/beta\/crillon\/product\/norte-paquete-internacional-del-lago-titicaca-la-paz-puno-2-dias-1-noche-pct-131\/"},"modified":"2022-05-14T18:00:12","modified_gmt":"2022-05-14T22:00:12","slug":"desde-el-ocaso-hasta-el-amanecer-desde-la-paz-a-puno-2-dias-1-noche","status":"publish","type":"product","link":"https:\/\/crillontours.travel\/es\/product\/desde-el-ocaso-hasta-el-amanecer-desde-la-paz-a-puno-2-dias-1-noche\/","title":{"rendered":"DESDE EL OCASO HASTA EL AMANECER (DESDE LA PAZ A PUNO) 2 D\u00cdAS \/1 NOCHE"},"content":{"rendered":"<p>Dos d\u00edas para descubrir las riquezas arqueol\u00f3gicas y la cultura viva en un lago que conecta dos emblem\u00e1ticos pa\u00edses de Sudam\u00e9rica. La historia se entrelaza con las tradiciones en un viaje inolvidable.<\/p>\n<p>&nbsp;<\/p>\n<p>&nbsp;<\/p>\n<p><strong>Incluye:<\/strong><\/p>\n<ul>\n<li>Traslado compartido<\/li>\n<li>Crucero compartido Aliscafo<\/li>\n<li>Gu\u00eda local biling\u00fce y entradas donde corresponda<\/li>\n<li>Pernocte en el Inca Utama Hotel &amp; Cultural Resort<\/li>\n<li>Comidas mencionadas<\/li>\n<\/ul>\n","protected":false},"excerpt":{"rendered":"<p>Dos d\u00edas para descubrir las riquezas arqueol\u00f3gicas y la cultura viva en un lago que conecta dos emblem\u00e1ticos pa\u00edses de Sudam\u00e9rica. La historia se entrelaza con las tradiciones en un viaje inolvidable. &nbsp; &nbsp; Incluye: Traslado compartido Crucero compartido Aliscafo Gu\u00eda local biling\u00fce y entradas donde corresponda Pernocte en el Inca Utama Hotel &amp; Cultural Resort Comidas mencionadas<\/p>\n","protected":false},"featured_media":4225,"template":"","meta":[],"product_cat":[51],"product_tag":[],"yst_prominent_words":[],"acf":[],"_links":{"self":[{"href":"https:\/\/crillontours.travel\/es\/wp-json\/wp\/v2\/product\/1259"}],"collection":[{"href":"https:\/\/crillontours.travel\/es\/wp-json\/wp\/v2\/product"}],"about":[{"href":"https:\/\/crillontours.travel\/es\/wp-json\/wp\/v2\/types\/product"}],"wp:featuredmedia":[{"embeddable":true,"href":"https:\/\/crillontours.travel\/es\/wp-json\/wp\/v2\/media\/4225"}],"wp:attachment":[{"href":"https:\/\/crillontours.travel\/es\/wp-json\/wp\/v2\/media?parent=1259"}],"wp:term":[{"taxonomy":"product_cat","embeddable":true,"href":"https:\/\/crillontours.travel\/es\/wp-json\/wp\/v2\/product_cat?post=1259"},{"taxonomy":"product_tag","embeddable":true,"href":"https:\/\/crillontours.travel\/es\/wp-json\/wp\/v2\/product_tag?post=1259"},{"taxonomy":"yst_prominent_words","embeddable":true,"href":"https:\/\/crillontours.travel\/es\/wp-json\/wp\/v2\/yst_prominent_words?post=1259"}],"curies":[{"name":"wp","href":"https:\/\/api.w.org\/{rel}","templated":true}]}}