{"id":1249,"date":"2018-08-01T05:28:48","date_gmt":"2018-08-01T09:28:48","guid":{"rendered":"http:\/\/www.lamulti.media\/beta\/crillon\/product\/paquete-local-del-lago-titicaca-3-dias-2-noches-gtl-230\/"},"modified":"2022-05-14T17:58:26","modified_gmt":"2022-05-14T21:58:26","slug":"triangulo-de-otro-ida-y-vuelta-desde-la-paz-3-dias-2-noches","status":"publish","type":"product","link":"https:\/\/crillontours.travel\/es\/product\/triangulo-de-otro-ida-y-vuelta-desde-la-paz-3-dias-2-noches\/","title":{"rendered":"TRI\u00c1NGULO DE ORO (IDA Y VUELTA DESDE LA PAZ) 3 D\u00cdAS\/ 2 NOCHES"},"content":{"rendered":"<p>El lago Titicaca es tan grande como un mar y esconde los m\u00e1s interesantes secretos y experiencias. En este recorrido se explora con calma cada detalle y se destina un tiempo para el paseo en calma y la reflexi\u00f3n.<\/p>\n<p>&nbsp;<\/p>\n<p><strong>Incluye:<\/strong><\/p>\n<ul>\n<li>Traslado compartido<\/li>\n<li>Crucero compartido Aliscafo<\/li>\n<li>Gu\u00eda local biling\u00fce y entradas donde corresponda<\/li>\n<li>Comidas mencionadas<\/li>\n<li>Pernocte en Albergueecol\u00f3gico Posada del Inca<\/li>\n<li>Pernocte en\u00a0 Inca Utama Hotel &amp; Cultural Resort<\/li>\n<\/ul>\n","protected":false},"excerpt":{"rendered":"<p>El lago Titicaca es tan grande como un mar y esconde los m\u00e1s interesantes secretos y experiencias. En este recorrido se explora con calma cada detalle y se destina un tiempo para el paseo en calma y la reflexi\u00f3n. &nbsp; Incluye: Traslado compartido Crucero compartido Aliscafo Gu\u00eda local biling\u00fce y entradas donde corresponda Comidas mencionadas Pernocte en Albergueecol\u00f3gico Posada del Inca Pernocte en\u00a0 Inca Utama Hotel &amp; Cultural Resort<\/p>\n","protected":false},"featured_media":4253,"template":"","meta":[],"product_cat":[51],"product_tag":[],"yst_prominent_words":[],"acf":[],"_links":{"self":[{"href":"https:\/\/crillontours.travel\/es\/wp-json\/wp\/v2\/product\/1249"}],"collection":[{"href":"https:\/\/crillontours.travel\/es\/wp-json\/wp\/v2\/product"}],"about":[{"href":"https:\/\/crillontours.travel\/es\/wp-json\/wp\/v2\/types\/product"}],"wp:featuredmedia":[{"embeddable":true,"href":"https:\/\/crillontours.travel\/es\/wp-json\/wp\/v2\/media\/4253"}],"wp:attachment":[{"href":"https:\/\/crillontours.travel\/es\/wp-json\/wp\/v2\/media?parent=1249"}],"wp:term":[{"taxonomy":"product_cat","embeddable":true,"href":"https:\/\/crillontours.travel\/es\/wp-json\/wp\/v2\/product_cat?post=1249"},{"taxonomy":"product_tag","embeddable":true,"href":"https:\/\/crillontours.travel\/es\/wp-json\/wp\/v2\/product_tag?post=1249"},{"taxonomy":"yst_prominent_words","embeddable":true,"href":"https:\/\/crillontours.travel\/es\/wp-json\/wp\/v2\/yst_prominent_words?post=1249"}],"curies":[{"name":"wp","href":"https:\/\/api.w.org\/{rel}","templated":true}]}}