{"id":1246,"date":"2018-08-01T05:39:43","date_gmt":"2018-08-01T09:39:43","guid":{"rendered":"http:\/\/www.lamulti.media\/beta\/crillon\/product\/sur-paquete-internacional-lago-titicaca-puno-la-paz-3-dias-2-noches-gtl-231\/"},"modified":"2022-05-14T17:58:23","modified_gmt":"2022-05-14T21:58:23","slug":"triangulo-de-oro-desde-puno-a-la-paz-3-dias-2-noches","status":"publish","type":"product","link":"https:\/\/crillontours.travel\/es\/product\/triangulo-de-oro-desde-puno-a-la-paz-3-dias-2-noches\/","title":{"rendered":"TRI\u00c1NGULO DE ORO (DESDE PUNO A LA PAZ) 3 D\u00cdAS \/ 2 NOCHES"},"content":{"rendered":"<p>Tres d\u00edas intensos compartiendo naturaleza, paisajes ind\u00f3mitos, cruceros en el lago, experiencias rurales y culturales que cierran con noches c\u00f3smicas y observaci\u00f3n de estrellas. Inolvidable recorrido que empieza en Per\u00fa y finaliza en Bolivia.<\/p>\n<p>&nbsp;<\/p>\n<p>&nbsp;<\/p>\n<p><strong>Incluye:<\/strong><\/p>\n<ul>\n<li>Traslado compartido<\/li>\n<li>Crucero compartido Aliscafo<\/li>\n<li>Gu\u00eda local biling\u00fce y entradas donde corresponda<\/li>\n<li>Comidas mencionadas<\/li>\n<li>Pernocte en Albergueecol\u00f3gico Posada del Inca<\/li>\n<li>Pernocte en\u00a0 Inca Utama Hotel &amp; Cultural Resort<\/li>\n<\/ul>\n","protected":false},"excerpt":{"rendered":"<p>Tres d\u00edas intensos compartiendo naturaleza, paisajes ind\u00f3mitos, cruceros en el lago, experiencias rurales y culturales que cierran con noches c\u00f3smicas y observaci\u00f3n de estrellas. Inolvidable recorrido que empieza en Per\u00fa y finaliza en Bolivia. &nbsp; &nbsp; Incluye: Traslado compartido Crucero compartido Aliscafo Gu\u00eda local biling\u00fce y entradas donde corresponda Comidas mencionadas Pernocte en Albergueecol\u00f3gico Posada del Inca Pernocte en\u00a0 Inca Utama Hotel &amp; Cultural Resort<\/p>\n","protected":false},"featured_media":4267,"template":"","meta":[],"product_cat":[51],"product_tag":[],"yst_prominent_words":[],"acf":[],"_links":{"self":[{"href":"https:\/\/crillontours.travel\/es\/wp-json\/wp\/v2\/product\/1246"}],"collection":[{"href":"https:\/\/crillontours.travel\/es\/wp-json\/wp\/v2\/product"}],"about":[{"href":"https:\/\/crillontours.travel\/es\/wp-json\/wp\/v2\/types\/product"}],"wp:featuredmedia":[{"embeddable":true,"href":"https:\/\/crillontours.travel\/es\/wp-json\/wp\/v2\/media\/4267"}],"wp:attachment":[{"href":"https:\/\/crillontours.travel\/es\/wp-json\/wp\/v2\/media?parent=1246"}],"wp:term":[{"taxonomy":"product_cat","embeddable":true,"href":"https:\/\/crillontours.travel\/es\/wp-json\/wp\/v2\/product_cat?post=1246"},{"taxonomy":"product_tag","embeddable":true,"href":"https:\/\/crillontours.travel\/es\/wp-json\/wp\/v2\/product_tag?post=1246"},{"taxonomy":"yst_prominent_words","embeddable":true,"href":"https:\/\/crillontours.travel\/es\/wp-json\/wp\/v2\/yst_prominent_words?post=1246"}],"curies":[{"name":"wp","href":"https:\/\/api.w.org\/{rel}","templated":true}]}}