{"id":1229,"date":"2018-08-01T07:04:08","date_gmt":"2018-08-01T11:04:08","guid":{"rendered":"http:\/\/www.lamulti.media\/beta\/crillon\/product\/escape-a-las-islas-del-sol-y-de-la-luna-inicio-en-puno-peru-final-en-la-paz-bolivia-o-viceversa-2-dias-1-noche-esc-131\/"},"modified":"2022-05-14T17:58:02","modified_gmt":"2022-05-14T21:58:02","slug":"escape-a-la-isla-del-sol-desde-puno-a-la-paz","status":"publish","type":"product","link":"https:\/\/crillontours.travel\/es\/product\/escape-a-la-isla-del-sol-desde-puno-a-la-paz\/","title":{"rendered":"ESCAPE A LA ISLA DEL SOL (DESDE PUNO A LA PAZ) 2 D\u00cdAS\/ 1 NOCHE"},"content":{"rendered":"<p>Se arranca en Puno, Per\u00fa, para luego llegar hasta Copacabana, Bolivia, y enrumbarse en una traves\u00eda que surca las aguas del Titicaca hasta las islas del Sol y de la Luna. Dos d\u00edas de intercambio de saberes y descubrimiento.<\/p>\n<p>&nbsp;<\/p>\n","protected":false},"excerpt":{"rendered":"<p>Se arranca en Puno, Per\u00fa, para luego llegar hasta Copacabana, Bolivia, y enrumbarse en una traves\u00eda que surca las aguas del Titicaca hasta las islas del Sol y de la Luna. Dos d\u00edas de intercambio de saberes y descubrimiento. &nbsp;<\/p>\n","protected":false},"featured_media":5980,"template":"","meta":[],"product_cat":[51],"product_tag":[],"yst_prominent_words":[644,615,645,717,718],"acf":[],"_links":{"self":[{"href":"https:\/\/crillontours.travel\/es\/wp-json\/wp\/v2\/product\/1229"}],"collection":[{"href":"https:\/\/crillontours.travel\/es\/wp-json\/wp\/v2\/product"}],"about":[{"href":"https:\/\/crillontours.travel\/es\/wp-json\/wp\/v2\/types\/product"}],"wp:featuredmedia":[{"embeddable":true,"href":"https:\/\/crillontours.travel\/es\/wp-json\/wp\/v2\/media\/5980"}],"wp:attachment":[{"href":"https:\/\/crillontours.travel\/es\/wp-json\/wp\/v2\/media?parent=1229"}],"wp:term":[{"taxonomy":"product_cat","embeddable":true,"href":"https:\/\/crillontours.travel\/es\/wp-json\/wp\/v2\/product_cat?post=1229"},{"taxonomy":"product_tag","embeddable":true,"href":"https:\/\/crillontours.travel\/es\/wp-json\/wp\/v2\/product_tag?post=1229"},{"taxonomy":"yst_prominent_words","embeddable":true,"href":"https:\/\/crillontours.travel\/es\/wp-json\/wp\/v2\/yst_prominent_words?post=1229"}],"curies":[{"name":"wp","href":"https:\/\/api.w.org\/{rel}","templated":true}]}}