{"id":8062,"date":"2020-03-19T17:57:01","date_gmt":"2020-03-19T21:57:01","guid":{"rendered":"https:\/\/crillontours.travel\/covid-19\/"},"modified":"2023-08-15T09:58:37","modified_gmt":"2023-08-15T13:58:37","slug":"entry-protocols","status":"publish","type":"page","link":"https:\/\/crillontours.travel\/es\/entry-protocols\/","title":{"rendered":"PROTOCOLOS DE ENTRADA"},"content":{"rendered":"<p>[vc_section][vc_row][vc_column width=\u00bb1\/1&#8243;][vc_column_text]<\/p>\n<h1>REQUISITOS PARA ENTRAR A BOLIVIA<\/h1>\n<p>[\/vc_column_text][\/vc_column][\/vc_row][vc_row][vc_column width=\u00bb1\/1&#8243;][vc_column_text]<\/p>\n<ul>\n<li>A partir del 1 de agosto de 2023, las Autoridades Sanitarias de Bolivia han levantado la EMERGENCIA SANITARIA, por lo que la vacuna COVID ya no ser\u00e1 obligatoria al ingresar a Bolivia por cualquier punto. Asimismo, ya no ser\u00e1 obligatorio el uso de mascarillas. Sin embargo, no dude en usarla cuando lo desee, especialmente si tiene s\u00edntomas de resfriado.<\/li>\n<li>LA VACUNA CONTRA LA FIEBRE AMARILLA SOLO SE RECOMIENDA cuando se planea viajar selva adentro PERO NO ES OBLIGATORIA.<\/li>\n<li>PASAPORTE VIGENTE con al menos 3 p\u00e1ginas en blanco para sellos de entrada y salida.<\/li>\n<li>VOUCHER DE HOTEL enviado por nuestro departamento de Turismo Receptivo, el cual ser\u00e1 entregado antes de la llegada del pasajero.<\/li>\n<li>Llene a mano el FORMULARIO DE ADUANAS 250 antes de llegar a Bolivia, o puede hacerlo <a href=\"http:\/\/anbsw01.aduana.gob.bo:7401\/viajero\/Publico250.jsp\" target=\"_blank\" rel=\"noopener\">en l\u00ednea<\/a>.<\/li>\n<li>La VISA DE TURISMO puede ser requerida para ciertas nacionalidades. Se puede obtener en cualquier Consulado de Bolivia, en l\u00ednea, o de preferencia en cualquier punto de entrada a Bolivia, lo que demora aproximadamente 15 minutos y es m\u00e1s f\u00e1cil de obtener, si se presentan todos los documentos requeridos descritos en este documento. Por favor, inf\u00f3rmenos las nacionalidades de los pasajeros para que podamos aconsejar si necesitaran Visa.<\/li>\n<\/ul>\n<p>[\/vc_column_text][vc_empty_space height=\u00bb10px\u00bb][\/vc_column][\/vc_row][\/vc_section][vc_row][vc_column width=\u00bb1\/1&#8243;][vc_column_text]<\/p>\n<h1>REQUISITOS PARA LA VISA A BOLIVIA PARA CIUDADANOS DE EE.UU.<\/h1>\n<p>[\/vc_column_text][\/vc_column][\/vc_row][vc_row][vc_column width=\u00bb1\/1&#8243;][vc_column_text]<\/p>\n<ul>\n<li>LA VISA PARA CIUDADANOS DE ESTADOS UNIDOS, es por diez (10) a\u00f1os, permitiendo m\u00faltiples entradas. El costo es de US$160.00 por un protocolo de reciprocidad entre EEUU y Bolivia, pagado en billetes de d\u00f3lar US en buenas condiciones o tarjeta de cr\u00e9dito\/d\u00e9bito de VISA o MASTER CARD.<\/li>\n<li>UN VOUCHER entregado por CRILLON TOURS especificando todos los hoteles confirmados en los que se hospedar\u00e1n durante su visita a Bolivia.<\/li>\n<li>FORMULARIO DE VISA, solic\u00edtelo a CRILLON TOURS, no pegue las fotos por favor.<\/li>\n<li>1 FOTO tama\u00f1o pasaporte, 40&#215;40 o 50X50 con fondo blanco o rojo.<\/li>\n<li>FOTOCOPIA del pasaporte.<\/li>\n<li>PFOTOCOPIA de los pasajes de salida si sale por aeropuertos.<\/li>\n<li>SOLVENCIA ECON\u00d3MICA acreditada mediante declaraci\u00f3n jurada, la cual TAMBIEN puede ser respaldada con un recibo\/comprobante de u n C a j e r o Autom\u00e1tico (ATM). Si la pareja o el grupo familiar tiene una sola declaraci\u00f3n jurada o recibo de ATM, por favor sacar una copia para cada uno, porque este documento va al archivo personal que guarda Migraciones.<\/li>\n<\/ul>\n<p>[\/vc_column_text][vc_empty_space height=\u00bb10px\u00bb][\/vc_column][\/vc_row][vc_row][vc_column width=\u00bb1\/1&#8243;][vc_column_text]<\/p>\n<h1>REQUISITOS PARA LA VISA DE TURISMO A BOLIVIA DEL GRUPO 2<\/h1>\n<p>[\/vc_column_text][\/vc_column][\/vc_row][vc_row][vc_column width=\u00bb1\/1&#8243;][vc_column_text]<em>Los requisitos para obtener la Visa para los ciudadanos del Grupo 2 son exactamente los mismos que para las visas de ciudadanos de EEUU, con la diferencia del costo y el plazo de estad\u00eda que es solo por una vez.<\/em><\/p>\n<ul>\n<li>L A VISA PARA TURISTAS DEL GRUPO 2 es por tres (3) meses. La tarifa es de aprox. US$105 pagados en pesos bolivianos o contarjeta de cr\u00e9dito\/d\u00e9bito VISA o MASTER CARD. La tarifa se calcula de acuerdo a la UFV, que es un \u00edndice de referencia diario calculado en base a la inflaci\u00f3n, publicado diariamente por el Banco Central de Bolivia. En Bolivia, la inflaci\u00f3n acumulada en 2023 es la m\u00e1s baja de la regi\u00f3n y la UFV tiene alzas diarias m\u00ednimas de centavos en moneda boliviana.<\/li>\n<\/ul>\n<p>[\/vc_column_text][vc_empty_space height=\u00bb10px\u00bb][\/vc_column][\/vc_row][vc_row][vc_column width=\u00bb1\/1&#8243;][vc_column_text]<strong>Como siempre, puede ponerse en contacto con nuestro personal de emergencia 24\/7:<\/strong><br \/>\n<a href=\"mailto:jhoffman@titicaca.com\" target=\"_blank\" rel=\"noopener noreferrer\">Judith Hoffmann<\/a> \/ <em>Crisis y Emergencias<\/em>: +591-71559843<br \/>\n<a href=\"mailto:lcarrasco@titicaca.com\">Liz Carrasco<\/a> \/ Gerente Receptivo: +591-72029213<\/p>\n<p>Para consultas, haga click <a href=\"https:\/\/crillontours.travel\/es\/contactenos\/\" target=\"_blank\" rel=\"noopener\">aqu\u00ed<\/a>.<\/p>\n<p><a href=\"mailto:sebastian@titicaca.com\">Sebastian Villena<\/a> \/ <em>Marketing y Producto<\/em><\/p>\n<p><strong><em>**\u00daltima actualizaci\u00f3n: agosto de 2023**<\/em><\/strong>[\/vc_column_text][vc_empty_space height=\u00bb10px\u00bb][\/vc_column][\/vc_row]<\/p>\n","protected":false},"excerpt":{"rendered":"<p>[vc_section][vc_row][vc_column width=\u00bb1\/1&#8243;][vc_column_text] REQUISITOS PARA ENTRAR A BOLIVIA [\/vc_column_text][\/vc_column][\/vc_row][vc_row][vc_column width=\u00bb1\/1&#8243;][vc_column_text] A partir del 1 de agosto de 2023, las Autoridades Sanitarias de Bolivia han levantado la EMERGENCIA SANITARIA, por lo que la vacuna COVID ya no ser\u00e1 obligatoria al ingresar a Bolivia por cualquier punto. Asimismo, ya no ser\u00e1 obligatorio el uso de mascarillas. Sin embargo, no dude en usarla cuando lo desee, especialmente si tiene s\u00edntomas de resfriado. LA VACUNA CONTRA LA FIEBRE AMARILLA SOLO SE RECOMIENDA cuando se planea viajar selva adentro PERO NO ES OBLIGATORIA. PASAPORTE VIGENTE con al menos 3 p\u00e1ginas en blanco para sellos de entrada y salida. VOUCHER DE HOTEL enviado por nuestro departamento de Turismo Receptivo, el cual ser\u00e1 entregado antes de la llegada del pasajero. Llene a mano el FORMULARIO DE ADUANAS 250 antes de llegar a Bolivia, o puede hacerlo en l\u00ednea. La VISA DE TURISMO puede ser requerida para ciertas nacionalidades. Se puede obtener en cualquier Consulado de Bolivia, en l\u00ednea, o de preferencia en cualquier punto de entrada a Bolivia, lo que demora aproximadamente 15 minutos y es m\u00e1s f\u00e1cil de obtener, si se presentan todos los documentos requeridos descritos en este documento. Por favor, inf\u00f3rmenos las nacionalidades de los [&hellip;]<\/p>\n","protected":false},"author":6,"featured_media":0,"parent":0,"menu_order":0,"comment_status":"closed","ping_status":"closed","template":"","meta":[],"tags":[],"yst_prominent_words":[],"acf":[],"_links":{"self":[{"href":"https:\/\/crillontours.travel\/es\/wp-json\/wp\/v2\/pages\/8062"}],"collection":[{"href":"https:\/\/crillontours.travel\/es\/wp-json\/wp\/v2\/pages"}],"about":[{"href":"https:\/\/crillontours.travel\/es\/wp-json\/wp\/v2\/types\/page"}],"author":[{"embeddable":true,"href":"https:\/\/crillontours.travel\/es\/wp-json\/wp\/v2\/users\/6"}],"replies":[{"embeddable":true,"href":"https:\/\/crillontours.travel\/es\/wp-json\/wp\/v2\/comments?post=8062"}],"version-history":[{"count":39,"href":"https:\/\/crillontours.travel\/es\/wp-json\/wp\/v2\/pages\/8062\/revisions"}],"predecessor-version":[{"id":9690,"href":"https:\/\/crillontours.travel\/es\/wp-json\/wp\/v2\/pages\/8062\/revisions\/9690"}],"wp:attachment":[{"href":"https:\/\/crillontours.travel\/es\/wp-json\/wp\/v2\/media?parent=8062"}],"wp:term":[{"taxonomy":"post_tag","embeddable":true,"href":"https:\/\/crillontours.travel\/es\/wp-json\/wp\/v2\/tags?post=8062"},{"taxonomy":"yst_prominent_words","embeddable":true,"href":"https:\/\/crillontours.travel\/es\/wp-json\/wp\/v2\/yst_prominent_words?post=8062"}],"curies":[{"name":"wp","href":"https:\/\/api.w.org\/{rel}","templated":true}]}}