{"id":3317,"date":"2018-11-14T13:19:08","date_gmt":"2018-11-14T17:19:08","guid":{"rendered":"https:\/\/crillontours.travel\/?page_id=3317"},"modified":"2019-01-08T10:17:29","modified_gmt":"2019-01-08T14:17:29","slug":"politicas-de-privacidad","status":"publish","type":"page","link":"https:\/\/crillontours.travel\/es\/politicas-de-privacidad\/","title":{"rendered":"Pol\u00edticas de Privacidad"},"content":{"rendered":"<p>En Crillon Tours S.A. tomamos muy en serio la protecci\u00f3n de sus datos personales y su privacidad. Nunca haremos mal uso de sus datos ni los venderemos a nadie m\u00e1s. Esta p\u00e1gina explica en detalle nuestra pol\u00edtica de privacidad.<\/p>\n<p>&nbsp;<\/p>\n<p><strong>\u00bfCu\u00e1l es el prop\u00f3sito de esta pol\u00edtica de privacidad?<\/strong><\/p>\n<p>Esta pol\u00edtica de privacidad es para informarle cuales son los datos personales que le solicitamos y qu\u00e9 haremos con estos datos. Tambi\u00e9n le informamos sobre algunos de los derechos clave que tiene bajo las leyes de protecci\u00f3n de datos. A partir del 25 de mayo de 2018, usted y sus datos personales estar\u00e1n protegidos por el reglamento general de protecci\u00f3n de datos de la UE (que tambi\u00e9n se conoce como GDPR y se aplica solo a los ciudadanos de la UE). En esta pol\u00edtica de privacidad, nos referimos a esta legislaci\u00f3n como leyes de protecci\u00f3n de datos.<\/p>\n<p>Solo procesaremos sus datos personales tal como se establece en nuestra pol\u00edtica de privacidad, o se le notificar\u00e1 o acordar\u00e1 con usted, o como se nos permita hacerlo de conformidad con las leyes de protecci\u00f3n de datos.<\/p>\n<p>Cuando nos referimos a \u00abusted\u00bb en esta pol\u00edtica de privacidad, nos referimos a todas las personas -o clientes- que se comunican con nosotros con respecto a una reserva, solicitud de reserva, consulta o por cualquier otro motivo y a todas las personas para las que se realiza una reserva o solicitud de reserva.<\/p>\n<p>&nbsp;<\/p>\n<p><strong>\u00bfCu\u00e1l es nuestro papel en relaci\u00f3n con sus datos personales?<\/strong><\/p>\n<p>A los fines de las leyes de protecci\u00f3n de datos, nosotros, Crillon Tours S.A., somos un controlador de datos con respecto a los datos personales que nos proporciona.<\/p>\n<p>&nbsp;<\/p>\n<p><strong>\u00bfSe puede cambiar esta pol\u00edtica de privacidad?<\/strong><\/p>\n<p>S\u00ed, es posible que de vez en cuando tengamos que hacer cambios a esta pol\u00edtica de privacidad. Estos pueden ser necesarios como resultado de cambios en las leyes de protecci\u00f3n de datos o en la gu\u00eda emitida por los reguladores, o cuando realizamos cambios en nuestros procedimientos.<\/p>\n<p>&nbsp;<\/p>\n<p><strong>\u00bfCu\u00e1les son mis datos personales y qu\u00e9 se entiende por proceso?<\/strong><\/p>\n<p>Cuando nos referimos a datos personales, nos referimos a cualquier informaci\u00f3n que se relaciona con una persona identificada o identificable. Cuando nos referimos al proceso o al procesamiento, nos referimos a cualquier cosa que podamos hacer con sus datos personales, incluida la recopilaci\u00f3n, el almacenamiento, el uso, la divulgaci\u00f3n a terceros o el ocultamiento.<\/p>\n<p>Para una reserva o una consulta, necesitamos procesar los datos personales que obtengamos de usted.\u00a0Estos datos personales pueden obtenerse directamente a trav\u00e9s suyo o de cualquier agencia de viajes con la que realice su reserva o consulta de reserva.<\/p>\n<p>Cuando desee realizar una reserva, los datos personales que necesitamos recopilar y procesar probablemente son los siguientes:<\/p>\n<ul>\n<li>Nombres de todas las personas que viajan.<\/li>\n<li>Datos de contacto (como el n\u00famero de tel\u00e9fono, la direcci\u00f3n postal y la direcci\u00f3n de correo electr\u00f3nico) de la persona que realiza la reserva.<\/li>\n<li>Informaci\u00f3n de pasaporte de todas las personas que viajan.<\/li>\n<li>Detalles del seguro de viaje para todas las personas que viajan.<\/li>\n<li>Informaci\u00f3n de restricciones alimenticias cuando corresponda.<\/li>\n<li>Contacto de emergencia\/detalles del pariente m\u00e1s cercano (nombres y n\u00fameros de tel\u00e9fono) para todas las personas que viajan.<\/li>\n<li>Tarjeta de cr\u00e9dito\/d\u00e9bito u otra informaci\u00f3n de pago para la persona que realiza la reserva.<\/li>\n<li>Informaci\u00f3n con respecto a cualquier condici\u00f3n m\u00e9dica, discapacidad o movilidad reducida que pueda afectarle a usted o a cualquier persona que viaje con usted; esto se incluye en categor\u00edas especiales de datos personales.<\/li>\n<li>Para una consulta, es probable que los datos personales que debamos procesar incluyan el nombre y los datos de contacto de la persona que realiza la consulta.<\/li>\n<li>Para una reserva o consulta de reserva, procesaremos sus datos personales sobre la base de que esto es necesario para la ejecuci\u00f3n de su contrato con nosotros, o para permitirnos\u00a0tomar medidas a su solicitud antes de firmar un contrato con nosotros.\u00a0Tambi\u00e9n es posible que tengamos que hacerlo para cumplir con alguna obligaci\u00f3n legal a la que estamos sujetos o para proteger sus intereses vitales (por ejemplo, en una situaci\u00f3n de emergencia).<\/li>\n<\/ul>\n<p>Si desea que le enviemos material promocional, necesitaremos su nombre y los datos de contacto correspondientes a la forma de comunicaci\u00f3n a la que ha dado su consentimiento.\u00a0Por ejemplo, si desea recibir informaci\u00f3n por correo electr\u00f3nico, necesitaremos su direcci\u00f3n de correo electr\u00f3nico.<\/p>\n<p>&nbsp;<\/p>\n<p><strong>\u00bfA qui\u00e9n podemos entregar sus datos personales?<\/strong><\/p>\n<p>Cuando realice una reserva, los datos personales apropiados se transmitir\u00e1n a los proveedores relevantes de los acuerdos elegidos, junto con otro tercero que necesite oficialmente esta informaci\u00f3n.<\/p>\n<p>Proveedores y terceros pueden solicitar la siguiente informaci\u00f3n, de acuerdo a los servicios solicitados:<\/p>\n<ul>\n<li>Aerol\u00edneas<\/li>\n<li>Operadora de Turismo \u2013 Crillon Tours S.A.<\/li>\n<li>Transporte en el pa\u00eds visitado<\/li>\n<li>Hoteles y proveedores de otras formas de turismo<\/li>\n<li>Agentes terrestres tur\u00edsticos<\/li>\n<li>Proveedores de seguros de viaje<\/li>\n<li>Compa\u00f1\u00edas de tarjetas de cr\u00e9dito \/ bancos en relaci\u00f3n con los pagos<\/li>\n<li>La informaci\u00f3n tambi\u00e9n se puede proporcionar al gobierno\/autoridades p\u00fablicas, como aduanas, impuestos internos o inmigraci\u00f3n, o seg\u00fan lo exija la ley.<\/li>\n<\/ul>\n<p>Tambi\u00e9n podemos tener los datos personales a disposici\u00f3n para nuestros corresponsales en el interior del pa\u00eds que nos prestan sus servicios.<\/p>\n<p>Solo proporcionamos a terceros los datos personales que sean necesarios para prestar sus servicios.<\/p>\n<p>&nbsp;<\/p>\n<p><strong>\u00bfC\u00f3mo <\/strong><strong>protegemos<\/strong><strong> sus datos personales?<\/strong><\/p>\n<p>Tomamos las medidas t\u00e9cnicas y organizativas adecuadas para protegernos contra el procesamiento no autorizado o ilegal de datos personales y contra la p\u00e9rdida, destrucci\u00f3n o da\u00f1o de los datos personales.<\/p>\n<p>&nbsp;<\/p>\n<p><strong>\u00bfPodemos usar sus datos personales para enviarle informaci\u00f3n sobre nuestras vacaciones u otros servicios en el futuro?<\/strong><\/p>\n<p>Solo retendremos y utilizaremos sus datos personales con fines de marketing cuando los pasajeros nos contactan directamente y usted haya dado su consentimiento expresamente para ello o nos permitan hacerlo de acuerdo con las leyes de protecci\u00f3n de datos.<\/p>\n<p>Podemos enviar marketing por correo electr\u00f3nico a los pasajeros que nos contactan directamente. Podemos enviarle por correo electr\u00f3nico informaci\u00f3n acerca de los servicios de viaje que ofrecemos, material de marketing sobre nuestros servicios o productos similares. Por supuesto, se le dar\u00e1 la oportunidad de optar por no recibir dichas comunicaciones de marketing por correo electr\u00f3nico cuando nos proporcione su direcci\u00f3n de correo electr\u00f3nico por primera vez y cada vez que le enviemos un mensaje de marketing por correo electr\u00f3nico.<\/p>\n<p>&nbsp;<\/p>\n<p><strong>\u00bfPuede retirar su consentimiento para que procesemos sus datos personales?<\/strong><\/p>\n<p>S\u00ed, los pasajeros que se contactan directamente con nosotros pueden retirar su consentimiento para recibir material de marketing u otras comunicaciones de nuestra parte, ya sea en general o de alguna manera en particular, en cualquier momento envi\u00e1ndonos un correo electr\u00f3nico a <a href=\"mailto:marketing@titicaca.com\">marketing@titicaca.com<\/a><\/p>\n<p>&nbsp;<\/p>\n<p><strong>\u00bfC\u00f3mo puede saber qu\u00e9 informaci\u00f3n tenemos sobre usted?<\/strong><\/p>\n<p>Usted tiene derecho a preguntarnos (por carta o correo electr\u00f3nico) qu\u00e9 datos personales de los suyos est\u00e1n siendo retenidos o procesados, con qu\u00e9 prop\u00f3sito y a qui\u00e9n pueden ser o han sido revelados. No se cobrar\u00e1 ninguna tarifa por responder a esta solicitud a menos que sea obviamente infundada o excesiva o que hayamos proporcionado la misma informaci\u00f3n anteriormente.<\/p>\n<p>Nos comprometemos a responder a su solicitud sin demora y, en cualquier caso, dentro de 1 mes, a menos que la solicitud sea compleja o usted haya realizado numerosas solicitudes, en cuyo caso podremos ampliar nuestro tiempo de respuesta en otros 2 meses.<\/p>\n<p>&nbsp;<\/p>\n<p><strong>\u00bfQu\u00e9 debe hacer si los datos personales que poseemos son inexactos, est\u00e1n desactualizados o est\u00e1n incompletos?<\/strong><\/p>\n<p>Si cree que este es el caso, inf\u00f3rmenos por correo electr\u00f3nico lo antes posible. Corregiremos el problema de inmediato.<\/p>\n<p>&nbsp;<\/p>\n<p><strong>\u00bfCu\u00e1nto tiempo podemos retener y procesar sus datos personales?<\/strong><\/p>\n<p>Conservaremos sus datos personales bajo una base de datos protegida. Cuando sus datos personales hayan sido proporcionados con el prop\u00f3sito de arreglos de vacaciones u otros servicios que haya contratado, tenemos derecho a retener estos datos durante un per\u00edodo de 6 a\u00f1os despu\u00e9s de que se hayan completado dichos arreglos. En ciertas circunstancias limitadas, es posible que podamos conservarlo por un per\u00edodo m\u00e1s largo.<\/p>\n<p>&nbsp;<\/p>\n<p>Si ha dado su consentimiento para recibir comunicaciones de marketing de nuestra parte, podemos seguir usando sus datos personales para este fin hasta que retire su consentimiento o de otra manera durante el tiempo que consideremos razonablemente que su consentimiento sigue siendo v\u00e1lido y efectivo.<\/p>\n<p><strong>\u00a0<\/strong><\/p>\n<p><strong>\u00bfNos puede pedir que eliminemos sus datos personales?<\/strong><\/p>\n<p>S\u00ed, puede solicitarnos que borremos sus datos personales.<\/p>\n<p>&nbsp;<\/p>\n<p><strong>\u00bfSu sitio web utiliza cookies?<\/strong><\/p>\n<p>S\u00ed, como es pr\u00e1ctica habitual, nuestro sitio web utiliza cookies. Un \u00abcookie\u00bb es un peque\u00f1o archivo de datos que nuestro servidor de sitio web almacena en su computadora para recopilar informaci\u00f3n sobre su visita y para recordarlo cuando vuelva a visitarla en una fecha posterior. El prop\u00f3sito principal de un cookie es identificar a los usuarios y personalizar su visita personalizando las p\u00e1ginas web para su uso. Tambi\u00e9n podemos recurrir a terceros que recopilar\u00e1n datos que no sean personalmente identificables para analizar las visitas al sitio y realizar otras actividades similares. Mientras lo hacen, pueden colocar sus propios cookies en su computadora para que puedan recopilar informaci\u00f3n sobre su visita. Si lo desea, puede desactivar o eliminar dichos cookies a trav\u00e9s de su navegador de Internet. Sin embargo, hacerlo puede significar que no podr\u00e1 acceder a nuestro sitio web o partes del mismo, su experiencia en nuestro sitio web puede verse afectada negativamente y \/ o puede que no reciba informaci\u00f3n que sea relevante para sus intereses personales.<\/p>\n<p>&nbsp;<\/p>\n<p><strong>\u00bfQu\u00e9 debo hacer si tengo una queja sobre el procesamiento de mis datos personales?<\/strong><\/p>\n<p>Si tiene alguna queja sobre la forma en que se han tratado sus datos personales, h\u00e1ganoslo saber por correo electr\u00f3nico a <a href=\"mailto:marketing@titicaca.com\">marketing@titicaca.com<\/a>. Investigaremos y responderemos a usted tan pronto como sea posible.<\/p>\n<p>&nbsp;<\/p>\n","protected":false},"excerpt":{"rendered":"<p>En Crillon Tours S.A. tomamos muy en serio la protecci\u00f3n de sus datos personales y su privacidad. Nunca haremos mal uso de sus datos ni los venderemos a nadie m\u00e1s. Esta p\u00e1gina explica en detalle nuestra pol\u00edtica de privacidad. &nbsp; \u00bfCu\u00e1l es el prop\u00f3sito de esta pol\u00edtica de privacidad? Esta pol\u00edtica de privacidad es para informarle cuales son los datos personales que le solicitamos y qu\u00e9 haremos con estos datos. Tambi\u00e9n le informamos sobre algunos de los derechos clave que tiene bajo las leyes de protecci\u00f3n de datos. A partir del 25 de mayo de 2018, usted y sus datos personales estar\u00e1n protegidos por el reglamento general de protecci\u00f3n de datos de la UE (que tambi\u00e9n se conoce como GDPR y se aplica solo a los ciudadanos de la UE). En esta pol\u00edtica de privacidad, nos referimos a esta legislaci\u00f3n como leyes de protecci\u00f3n de datos. Solo procesaremos sus datos personales tal como se establece en nuestra pol\u00edtica de privacidad, o se le notificar\u00e1 o acordar\u00e1 con usted, o como se nos permita hacerlo de conformidad con las leyes de protecci\u00f3n de datos. Cuando nos referimos a \u00abusted\u00bb en esta pol\u00edtica de privacidad, nos referimos a todas las personas -o [&hellip;]<\/p>\n","protected":false},"author":3,"featured_media":0,"parent":0,"menu_order":0,"comment_status":"closed","ping_status":"closed","template":"","meta":[],"tags":[],"yst_prominent_words":[],"acf":[],"_links":{"self":[{"href":"https:\/\/crillontours.travel\/es\/wp-json\/wp\/v2\/pages\/3317"}],"collection":[{"href":"https:\/\/crillontours.travel\/es\/wp-json\/wp\/v2\/pages"}],"about":[{"href":"https:\/\/crillontours.travel\/es\/wp-json\/wp\/v2\/types\/page"}],"author":[{"embeddable":true,"href":"https:\/\/crillontours.travel\/es\/wp-json\/wp\/v2\/users\/3"}],"replies":[{"embeddable":true,"href":"https:\/\/crillontours.travel\/es\/wp-json\/wp\/v2\/comments?post=3317"}],"version-history":[{"count":5,"href":"https:\/\/crillontours.travel\/es\/wp-json\/wp\/v2\/pages\/3317\/revisions"}],"predecessor-version":[{"id":3823,"href":"https:\/\/crillontours.travel\/es\/wp-json\/wp\/v2\/pages\/3317\/revisions\/3823"}],"wp:attachment":[{"href":"https:\/\/crillontours.travel\/es\/wp-json\/wp\/v2\/media?parent=3317"}],"wp:term":[{"taxonomy":"post_tag","embeddable":true,"href":"https:\/\/crillontours.travel\/es\/wp-json\/wp\/v2\/tags?post=3317"},{"taxonomy":"yst_prominent_words","embeddable":true,"href":"https:\/\/crillontours.travel\/es\/wp-json\/wp\/v2\/yst_prominent_words?post=3317"}],"curies":[{"name":"wp","href":"https:\/\/api.w.org\/{rel}","templated":true}]}}