{"id":1363,"date":"2018-08-17T02:57:04","date_gmt":"2018-08-17T06:57:04","guid":{"rendered":"http:\/\/www.lamulti.media\/beta\/crillon\/?page_id=1363"},"modified":"2019-12-04T15:27:35","modified_gmt":"2019-12-04T19:27:35","slug":"terminos-condiciones","status":"publish","type":"page","link":"https:\/\/crillontours.travel\/es\/terminos-condiciones\/","title":{"rendered":"T\u00e9rminos &#038; Condiciones"},"content":{"rendered":"<ul>\n<li>Tarifas v\u00e1lidas de enero a diciembre de 2019.<\/li>\n<li style=\"text-align: left;\">Esto es solo una cotizaci\u00f3n. Una vez que recibamos su confirmaci\u00f3n, la misma estar\u00e1 sujeta a disponibilidad .<\/li>\n<li style=\"text-align: left;\">La tarifa referencial est\u00e1 sujeta a confirmaci\u00f3n en el momento de la reserva .<\/li>\n<li>Todas las tarifas se cotizan en d\u00f3lares estadounidenses (USD) a partir de la fecha. Se pueden ajustar sin previo aviso de acuerdo con la devaluaci\u00f3n del d\u00f3lar, el aumento del costo del combustible y otros factores relacionados con la econom\u00eda boliviana.<\/li>\n<li>Los tipos de cambio y las comisiones bancarias no son reembolsables (5%).<\/li>\n<li style=\"text-align: left;\">Crillon Tours S.A. es responsable del equipaje del pasajero, sin embargo, los objetos y documentos valiosos, as\u00ed como el dinero, son responsabilidad completa de los pasajeros.<\/li>\n<li style=\"text-align: left;\">Los servicios de Crillon Tours S.A. pueden ser adquiridos directamente por agentes autorizados de todo el mundo.<\/li>\n<li style=\"text-align: left;\">Todos los servicios deben ser previamente confirmados por Crillon Tours S.A.<\/li>\n<li style=\"text-align: left;\">Los pasajeros son responsables de llevar documentaci\u00f3n adecuada, como pasaportes, certificados de vacunaci\u00f3n y visas cuando sea necesario<\/li>\n<li style=\"text-align: left;\">Durante la temporada de lluvias , generalmente de noviembre a marzo, el Salar de Uyuni, as\u00ed como las lagunas Colorada y Verde pueden inundarse en cualquier momento y no ser\u00e1 posible visitar algunas atracciones. Se organizar\u00e1n visitas alternativas .<\/li>\n<li style=\"text-align: left;\">Las carreteras en el Salar de Uyuni no est\u00e1n pavimentadas y durante la temporada de lluvias los viajes pueden tomar mucho m\u00e1s tiempo.<\/li>\n<li style=\"text-align: left;\">Crillon Tours S.A. no es responsable de ning\u00fan evento o circunstancia m\u00e1s all\u00e1 de lo razonable. En caso de razones de fuerza mayor, como condiciones clim\u00e1ticas adversas, bloqueos o huelgas que impongan un cambio de ruta, tendremos que cobrar una tarifa adicional, por lo tanto, solicitamos amablemente a los pasajeros que tomen posesi\u00f3n de un seguro adecuado para cubrir estos costos. Entregamos la carta pertinente, explicando los motivos por los cuales los visitantes tuvieron que pagar esta tarifa adicional.<\/li>\n<li style=\"text-align: left;\">Tenga en cuenta que en el \u00e1rea fronteriza con Hito Caj\u00f3n en Chile, ocasionalmente pueden ocurrir tormentas de nieve (generalmente en julio y agosto) que afectan el traslado de los pasajeros hacia y desde San Pedro de Atacama. La ruta puede ser cambiada si la tradicional est\u00e1 cerrada.<\/li>\n<li style=\"text-align: left;\">Los cruceros en Aliscafo en el Lago Titicaca son compartidos con otros clientes a menos que se especifique lo contrario.<\/li>\n<li style=\"text-align: left;\">El orden de las visitas en el Lago Titicaca se puede cambiar, sin embargo, se cumplir\u00e1n todas las visitas.<\/li>\n<li style=\"text-align: left;\">Les pedimos amablemente a nuestros hu\u00e9spedes que se alojen durante la noche en \u00abPosada del Inca Eco-Lodge\u00bb en la Isla del Sol que lleven solo una peque\u00f1a bolsa con sus pertenencias personales que necesitar\u00e1n para pasar la noche. El resto del equipaje se mantendr\u00e1 en nuestro dep\u00f3sito en la parte inferior de la isla.<\/li>\n<li style=\"text-align: left;\">Tenga en cuenta que siempre reservamos los mejores hoteles disponibles en el Salar de Uyuni y en la REA \u2013Reserva Nacional Eduardo Avaroa. Los hoteles en la REA son r\u00fasticos y con un servicio b\u00e1sico, debido a la ubicaci\u00f3n lejana con el suministro y el centros de distribuci\u00f3n, incluida la electricidad. En el lago de sal, los hoteles son \u00fanicos, pero a veces tambi\u00e9n tienen peque\u00f1as limitaciones por estas caracter\u00edsticas \u00fanicas.<\/li>\n<li style=\"text-align: left;\">Las visitas tales como tours de puesta del sol y salida del sol, observaci\u00f3n de estrellas y reflejos de agua est\u00e1n sujetas a las condiciones clim\u00e1ticas.<\/li>\n<li style=\"text-align: left;\">Al ir a Coroico, se cobra una tarifa de entrada al Parque Nacional Cotapata en el sitio (USD 10.00 aproximadamente). Esta tarifa no est\u00e1 incluida en nuestra oferta .<\/li>\n<li style=\"text-align: left;\">Tenga en cuenta que la clasificaci\u00f3n oficial de hoteles en Bolivia no siempre coincide con los est\u00e1ndares internacionales.<\/li>\n<li style=\"text-align: left;\">Es posible que en alg\u00fan momento el Gobierno anuncie nuevamente la suspensi\u00f3n del subsidio al combustible. Si el decreto se impone de nuevo, nos veremos obligados a ajustar nuestras tarifas en consecuencia.<\/li>\n<li style=\"text-align: left;\">La visita al Mercado Ind\u00edgena de Tarabuco en Sucre, solo se puede hacer los domingos.<\/li>\n<li style=\"text-align: left;\">Tenga en cuenta que la Casa de la Libertad en Sucre, la Real Casa de la Moneda en Potos\u00ed y la mayor\u00eda de los museos en Bolivia est\u00e1n cerrados los lunes.<\/li>\n<li style=\"text-align: left;\">Al visitar el Parque Nacional Madidi, se cobra una tarifa de entrada al parque (USD 18.00 aproximadamente) y al \u00e1rea de Pampas (USD 22.00) aproximadamente. Esta tarifa no est\u00e1 incluida en nuestra oferta.<\/li>\n<li style=\"text-align: left;\">Al hacer el recorrido de FD Ciclismo a Coroico, se cobra una tarifa de entrada al Parque Nacional de Cotapata (USD 10.00 aproximadamente), esta tarifa no est\u00e1 incluida en nuestra oferta .<\/li>\n<li style=\"text-align: left;\">Tenga en cuenta que las tarifas de hotel en Santa Cruz se incrementan en septiembre, durante la Feria Internacional de EXPOCRUZ .<\/li>\n<li style=\"text-align: left;\">En el tren Ollantaytambo \/ Aguas Calientes, una persona puede llevar solo una pieza de equipaje de 5 kg. El equipaje se almacenar\u00e1 en el hotel en Cusco.<\/li>\n<li style=\"text-align: left;\">Los viajes mencionado en este sitio web son operados por Crillon Tours S.A., que a veces act\u00faa solo como agente de hoteles, compa\u00f1\u00edas de transporte o proveedores de servicios en el interior.<\/li>\n<li style=\"text-align: left;\">Crillon Tours S.A. no puede aceptar ninguna responsabilidad por cualquier retraso, p\u00e9rdida, da\u00f1o o lesi\u00f3n con respecto a cualquier persona o propiedad.<\/li>\n<li style=\"text-align: left;\">Crillon Tours S.A. se reserva El derecho a cambiar rutas, hotel, o servicios de turismo de cualquier itinerario descrito en este sitio web.<\/li>\n<\/ul>\n<h3><strong>POL\u00cdTICA DE CANCELACI\u00d3N<\/strong><\/h3>\n<ul>\n<li>No asistencia y cancelaciones de \u00faltima hora pagan el 100% en los servicios locales y 30% en los servicios de Aliscafo.<\/li>\n<li>Las reservaciones de hotel pagan la primera noche.<\/li>\n<li>Todas las cancelaciones deben ser informadas al menos 48 horas antes de la fecha de llegada.<\/li>\n<li>La pol\u00edtica de cancelaci\u00f3n en otras ciudades est\u00e1 sujeta a los t\u00e9rminos y condiciones de nuestro operador de tierra.<\/li>\n<li>Cancelaciones de Uyuni deben ser informadas por lo menos un mes antes del comienzo de los servicios<\/li>\n<li>Los tipos de cambio y las comisiones bancarias no son reembolsables (5%).<\/li>\n<\/ul>\n<p>&nbsp;<\/p>\n<p style=\"text-align: center;\"><strong><em>** POR FAVOR, PREGUNTE A LA EMBAJADA O CONSULADO DE SU PA\u00cdS SI NECESITA UNA VISA PARA INGRESAR A BOLIVIA **<\/em><\/strong><\/p>\n<p>&nbsp;<\/p>\n<p>&nbsp;<\/p>\n","protected":false},"excerpt":{"rendered":"<p>Tarifas v\u00e1lidas de enero a diciembre de 2019. Esto es solo una cotizaci\u00f3n. Una vez que recibamos su confirmaci\u00f3n, la misma estar\u00e1 sujeta a disponibilidad . La tarifa referencial est\u00e1 sujeta a confirmaci\u00f3n en el momento de la reserva . Todas las tarifas se cotizan en d\u00f3lares estadounidenses (USD) a partir de la fecha. Se pueden ajustar sin previo aviso de acuerdo con la devaluaci\u00f3n del d\u00f3lar, el aumento del costo del combustible y otros factores relacionados con la econom\u00eda boliviana. Los tipos de cambio y las comisiones bancarias no son reembolsables (5%). Crillon Tours S.A. es responsable del equipaje del pasajero, sin embargo, los objetos y documentos valiosos, as\u00ed como el dinero, son responsabilidad completa de los pasajeros. Los servicios de Crillon Tours S.A. pueden ser adquiridos directamente por agentes autorizados de todo el mundo. Todos los servicios deben ser previamente confirmados por Crillon Tours S.A. Los pasajeros son responsables de llevar documentaci\u00f3n adecuada, como pasaportes, certificados de vacunaci\u00f3n y visas cuando sea necesario Durante la temporada de lluvias , generalmente de noviembre a marzo, el Salar de Uyuni, as\u00ed como las lagunas Colorada y Verde pueden inundarse en cualquier momento y no ser\u00e1 posible visitar algunas atracciones. Se [&hellip;]<\/p>\n","protected":false},"author":1,"featured_media":0,"parent":0,"menu_order":0,"comment_status":"closed","ping_status":"closed","template":"","meta":[],"tags":[],"yst_prominent_words":[444,431,433,440,435,387,427,441,439,443,430,436,445,437,442,434,428,432,429],"acf":[],"_links":{"self":[{"href":"https:\/\/crillontours.travel\/es\/wp-json\/wp\/v2\/pages\/1363"}],"collection":[{"href":"https:\/\/crillontours.travel\/es\/wp-json\/wp\/v2\/pages"}],"about":[{"href":"https:\/\/crillontours.travel\/es\/wp-json\/wp\/v2\/types\/page"}],"author":[{"embeddable":true,"href":"https:\/\/crillontours.travel\/es\/wp-json\/wp\/v2\/users\/1"}],"replies":[{"embeddable":true,"href":"https:\/\/crillontours.travel\/es\/wp-json\/wp\/v2\/comments?post=1363"}],"version-history":[{"count":9,"href":"https:\/\/crillontours.travel\/es\/wp-json\/wp\/v2\/pages\/1363\/revisions"}],"predecessor-version":[{"id":6927,"href":"https:\/\/crillontours.travel\/es\/wp-json\/wp\/v2\/pages\/1363\/revisions\/6927"}],"wp:attachment":[{"href":"https:\/\/crillontours.travel\/es\/wp-json\/wp\/v2\/media?parent=1363"}],"wp:term":[{"taxonomy":"post_tag","embeddable":true,"href":"https:\/\/crillontours.travel\/es\/wp-json\/wp\/v2\/tags?post=1363"},{"taxonomy":"yst_prominent_words","embeddable":true,"href":"https:\/\/crillontours.travel\/es\/wp-json\/wp\/v2\/yst_prominent_words?post=1363"}],"curies":[{"name":"wp","href":"https:\/\/api.w.org\/{rel}","templated":true}]}}