{"id":1352,"date":"2018-08-17T00:19:18","date_gmt":"2018-08-17T04:19:18","guid":{"rendered":"http:\/\/www.lamulti.media\/beta\/crillon\/?page_id=1352"},"modified":"2022-06-18T16:48:04","modified_gmt":"2022-06-18T20:48:04","slug":"inicio","status":"publish","type":"page","link":"https:\/\/crillontours.travel\/es\/","title":{"rendered":"Inicio"},"content":{"rendered":"<p>[vc_row type=\u00bbfull_width_section\u00bb bg_image=\u00bb4631&#8243; video_bg=\u00bbuse_video\u00bb video_webm=\u00bbhttps:\/\/crillontours.travel\/videos\/back-home-final.mp4&#8243; video_mp4=\u00bbhttps:\/\/crillontours.travel\/videos\/back-home-final.mp4&#8243; video_ogv=\u00bbhttps:\/\/crillontours.travel\/videos\/back-home-final.mp4&#8243; video_image=\u00bb855&#8243; text_color=\u00bblight\u00bb text_align=\u00bbcenter\u00bb full_height=\u00bbtrue\u00bb class=\u00bbredo\u00bb][vc_column width=\u00bb1\/1&#8243;][vc_row_inner][vc_column_inner el_class=\u00bbbox-sec-shadow\u00bb][vc_raw_html el_class=\u00bbtext-animated-custom\u00bb]JTIwJTNDc2VjdGlvbiUzRSUwQSUyMCUyMCUyMCUyMCUyMCUyMCUyMCUyMCUyMCUzQ2RpdiUyMGNsYXNzJTNEJTIyc2xpZGVyLWNvbnRhaW5lciUyMiUzRSUwQSUyMCUyMCUyMCUyMCUyMCUyMCUyMCUyMCUyMCUyMCUyMCUyMCUyMCUzQ2RpdiUyMGNsYXNzJTNEJTIyYWN0aXZlJTIwZmlyc3QlMjIlM0VFWFBFUklNRU5UQSUzQyUyRmRpdiUzRSUwQSUyMCUyMCUyMCUyMCUyMCUyMCUyMCUyMCUyMCUyMCUyMCUyMCUyMCUzQ2RpdiUzRVNJRU5URSUzQyUyRmRpdiUzRSUwQSUyMCUyMCUyMCUyMCUyMCUyMCUyMCUyMCUyMCUyMCUyMCUyMCUyMCUzQ2RpdiUzRVZJVkUlM0MlMkZkaXYlM0UlMEElMjAlMjAlMjAlMjAlMjAlMjAlMjAlMjAlMjAlM0MlMkZkaXYlM0UlMEElMjAlM0MlMkZzZWN0aW9uJTNFJTBB[\/vc_raw_html]<h2 class=\"headline font-inherit fontsize-xl fontweight-inherit lh-inherit align-center transform-inherit pert\" style=\"margin: 0 0 20px 0;\">LOS ANDES<\/h2>[\/vc_column_inner][\/vc_row_inner][vc_row_inner][vc_column_inner]<a href=\"#destinations-home\" target=\"_self\" class=\"button color-3 large arrow-down-butt buttmobile\" style=\"border-radius: 5px;\"><i class='fa fa-angle-double-down'><\/i>Explorar<\/a><a href=\"#laredo\" target=\"_self\" class=\"button color-3 large arrow-down-butt popmake-taylor-made buttmobile\" style=\"border-radius: 5px;\"><i class='fa fa-edit'><\/i>Consulte<\/a>[\/vc_column_inner][\/vc_row_inner][\/vc_column][\/vc_row][vc_row text_align=\u00bbcenter\u00bb top_padding=\u00bb80&#8243; bottom_padding=\u00bb80&#8243; row_id=\u00bbdestinations-home\u00bb][vc_column width=\u00bb1\/1&#8243;]<h2 class=\"headline font-inherit fontsize-xxl fontweight-300 lh-inherit align-center transform-uppercase pert\" style=\"margin: 0 0 2px 0;\">Nuestros destinos<\/h2><div class=\"divider divider4\" style='margin:30px 0 30px 0 !important;'><\/div>[vc_masonry_grid post_type=\u00bbids\u00bb gap=\u00bb25&#8243; item=\u00bb566&#8243; initial_loading_animation=\u00bbnone\u00bb grid_id=\u00bbvc_gid:1582734695388-d405d013-11d3-5&#8243; include=\u00bb1929, 1927, 1945, 1942, 1287, 1936, 1932&#8243;][\/vc_column][\/vc_row][vc_row bg_color=\u00bb#f7f7f7&#8243; text_align=\u00bbcenter\u00bb top_padding=\u00bb80&#8243; bottom_padding=\u00bb80&#8243; class=\u00bbsec0glitter\u00bb][vc_column width=\u00bb1\/1&#8243;]<h2 class=\"headline font-inherit fontsize-xxl fontweight-300 lh-inherit align-center transform-uppercase pert\" style=\"margin: 0 0 2px 0;\">Experiencias de lujo a medida<\/h2><div class=\"divider divider4\" style='margin:30px 0 30px 0 !important;'><\/div>[vc_row_inner][vc_column_inner width=\u00bb1\/6&#8243;][\/vc_column_inner][vc_column_inner width=\u00bb2\/3&#8243;][vc_column_text]<\/p>\n<p style=\"text-align: center;\">Crillon Tours realiza experiencias \u00fanicas de viaje de lujo en Bolivia y la regi\u00f3n. Cada viaje que creamos es \u00fanico, tomando en cuentas sus expectativas y necesidades. Crillon Tours tiene la experiencia para hacer su viaje de ensue\u00f1o hecho realidad y nuestros especialistas dise\u00f1ar\u00e1n cuidadosamente una traves\u00eda que se adapte a sus gustos, tiempo e intereses.<\/p>\n<p>[\/vc_column_text][\/vc_column_inner][vc_column_inner width=\u00bb1\/6&#8243;][\/vc_column_inner][\/vc_row_inner]<div class=\"divider divider4\" style='margin:30px 0 30px 0 !important;'><\/div>[vc_column_text]<!-- Widget Shortcode --><div id=\"dpe_fp_widget-17\" class=\"widget widget_dpe_fp_widget widget-shortcode area-arbitrary \">\t<div class=\"dpe-flexible-posts\">\n\t\t\t<div id=\"post-2432\" class=\"vc_grid-item vc_col-sm-4 flex-products flex-parent flex-contain\">\n\t\t\t<a href=\"https:\/\/crillontours.travel\/es\/product\/experiencia-a-medida-muestra-itinerario-de-lujo-lago-titicaca\/\">\n\t\t\t\t<div class='flex-products-noeffect' style='background:url(https:\/\/crillontours.travel\/wp-content\/uploads\/2018\/09\/LUX-1-featured-768x512.jpg)'><\/div>\n\t\t\t\t<h4 class=\"flex-products-title\">Experiencia a Medida &#8211; Muestra Itinerario de Lujo Lago Titicaca<\/h4>\n\t\t\t\t\n\t\t\t\t\n\t\t\t<\/a>\n\t\t<\/div>\n\t\t\n\t\t\t<div id=\"post-1420\" class=\"vc_grid-item vc_col-sm-4 flex-products flex-parent flex-contain\">\n\t\t\t<a href=\"https:\/\/crillontours.travel\/es\/product\/corredor-de-lujo-chile-bolivia-peru\/\">\n\t\t\t\t<div class='flex-products-noeffect' style='background:url(https:\/\/crillontours.travel\/wp-content\/uploads\/2018\/08\/IJL-030-DLX-featured-768x512.jpg)'><\/div>\n\t\t\t\t<h4 class=\"flex-products-title\">Corredor de Lujo: Chile- Bolivia-Per\u00fa<\/h4>\n\t\t\t\t\n\t\t\t\t\n\t\t\t<\/a>\n\t\t<\/div>\n\t\t\n\t\t\t<div id=\"post-866\" class=\"vc_grid-item vc_col-sm-4 flex-products flex-parent flex-contain\">\n\t\t\t<a href=\"https:\/\/crillontours.travel\/es\/product\/experiencia-a-medida-muestra-itinerario-lujo-salar-uyuni\/\">\n\t\t\t\t<div class='flex-products-noeffect' style='background:url(https:\/\/crillontours.travel\/wp-content\/uploads\/2018\/07\/Bespoke-Luxury-Uyuni-Camper-768x432.jpg)'><\/div>\n\t\t\t\t<h4 class=\"flex-products-title\">Experiencia a Medida &#8211; Muestra Itinerario de Lujo Salar de Uyuni<\/h4>\n\t\t\t\t\n\t\t\t\t\n\t\t\t<\/a>\n\t\t<\/div>\n\t\t\n\t\t<div style=\"clear:both\"><\/div>\n\t<\/div><!-- .dpe-flexible-posts -->\n\t\n<\/div><!-- \/Widget Shortcode -->[\/vc_column_text]<a href=\"https:\/\/crillontours.travel\/es\/experiencia-de-lujo-a-medida\/\" target=\"_self\" class=\"button color-3 medium \" style=\"border-radius: 5px;\">M\u00e1s Informaci\u00f3n<\/a>[\/vc_column][\/vc_row][vc_row bg_image=\u00bb6349&#8243; parallax_bg=\u00bbtrue\u00bb bg_color=\u00bb#f7f7f7&#8243; video_bg=\u00bbuse_video\u00bb enable_video_color_overlay=\u00bbtrue\u00bb video_overlay_color=\u00bbrgba(0,0,0,0.54)\u00bb text_color=\u00bblight\u00bb text_align=\u00bbcenter\u00bb top_padding=\u00bb100&#8243; bottom_padding=\u00bb100&#8243; class=\u00bbsec0glitter\u00bb][vc_column width=\u00bb1\/1&#8243;]<h2 class=\"headline font-inherit fontsize-xxl fontweight-300 lh-inherit align-center transform-uppercase pert\" style=\"margin: 0 0 2px 0;\">Deluxe Campers Uyuni<\/h2><a href=\"https:\/\/crillontours.travel\/es\/deluxe-campers-uyuni\/\" target=\"_self\" class=\"button color-3 medium \" style=\"border-radius: 5px;\">M\u00e1s Informaci\u00f3n<\/a>[\/vc_column][\/vc_row][vc_row text_align=\u00bbcenter\u00bb top_padding=\u00bb80&#8243; bottom_padding=\u00bb80&#8243; class=\u00bbsec0glitter\u00bb][vc_column width=\u00bb1\/1&#8243;]<h2 class=\"headline font-inherit fontsize-xxl fontweight-300 lh-inherit align-center transform-uppercase pert\" style=\"margin: 0 0 20px 0;\">Viajes Cl\u00e1sicos<\/h2><div class=\"divider divider4\" style='margin:30px 0 30px 0 !important;'><\/div>[vc_row_inner][vc_column_inner width=\u00bb1\/6&#8243;][\/vc_column_inner][vc_column_inner width=\u00bb2\/3&#8243;][vc_column_text]<\/p>\n<p style=\"text-align: center;\">Descubra Bolivia de la mano de los pioneros con nuestros programas cl\u00e1sicos. Desde las aguas del Lago Titicaca y sus m\u00edticas islas, pasando por la vibrante ciudad de La Paz y sus vistas desde el telef\u00e9rico, el infinito espejo natural del Salar de Uyuni, o la inexplorada Amazon\u00eda boliviana. D\u00e9jenos emocionarlo con nuestra experiencia y conocimiento del destino.<\/p>\n<p>[\/vc_column_text][\/vc_column_inner][vc_column_inner width=\u00bb1\/6&#8243;][\/vc_column_inner][\/vc_row_inner]<div class=\"divider divider4\" style='margin:30px 0 30px 0 !important;'><\/div>[vc_raw_html]JTNDZGl2JTIwY2xhc3MlM0QlMjJkcGUtZmxleGlibGUtcG9zdHMlMjIlM0UlMEElMjAlMjAlMjAlMjAlMjAlMjAlMjAlMjAlMjAlMjAlMjAlMjAlM0NkaXYlMjBpZCUzRCUyMnBvc3QtNjgxJTIyJTIwY2xhc3MlM0QlMjJ2Y19ncmlkLWl0ZW0lMjB2Y19jb2wtc20tNCUyMiUzRSUwQSUyMCUyMCUyMCUyMCUyMCUyMCUyMCUyMCUyMCUyMCUyMCUyMCUzQ2ElMjBocmVmJTNELiUyRnZpYWplcy1jbGFzaWNvcyUyRmxhZ28tdGl0aWNhY2ElMkYlM0UlMEElMjAlMjAlMjAlMjAlMjAlMjAlMjAlMjAlMjAlMjAlMjAlMjAlMjAlMjAlMjAlMjAlM0NkaXYlMjBjbGFzcyUzRCUyMmZsZXgtcHJvZHVjdHMtbm9lZmZlY3QlMjIlMjBzdHlsZSUzRCUyMmJhY2tncm91bmQlM0F1cmwlMjhodHRwcyUzQSUyRiUyRmNyaWxsb250b3Vycy50cmF2ZWwlMkZ3cC1jb250ZW50JTJGdXBsb2FkcyUyRjIwMTglMkYwOCUyRm91ci1zdG9yeS1sYWtlLXRpdGljYWNhLXRodW1iLmpwZyUyOSUzQmJhY2tncm91bmQtc2l6ZSUzQSUyMGNvdmVyJTNCJTIyJTNFJTNDJTJGZGl2JTNFJTBBJTIwJTIwJTIwJTIwJTIwJTIwJTIwJTIwJTIwJTIwJTIwJTIwJTIwJTIwJTIwJTIwJTNDaDQlMjBjbGFzcyUzRCUyMmZsZXgtcHJvZHVjdHMtdGl0bGUlMjIlM0VMYWdvJTIwVGl0aWNhY2ElM0MlMkZoNCUzRSUwQSUyMCUyMCUyMCUyMCUyMCUyMCUyMCUyMCUyMCUyMCUyMCUyMCUzQyUyRmElM0UlMEElMjAlMjAlMjAlMjAlMjAlMjAlMjAlMjAlMjAlMjAlMjAlMjAlM0MlMkZkaXYlM0UlMjAlMjAlMEElMjAlMjAlMjAlMjAlMjAlMjAlMjAlMjAlMjAlMjAlMjAlMjAlM0NkaXYlMjBpZCUzRCUyMnBvc3QtNjgxJTIyJTIwY2xhc3MlM0QlMjJ2Y19ncmlkLWl0ZW0lMjB2Y19jb2wtc20tNCUyMiUzRSUwQSUyMCUyMCUyMCUyMCUyMCUyMCUyMCUyMCUyMCUyMCUyMCUyMCUzQ2ElMjBocmVmJTNELiUyRnZpYWplcy1jbGFzaWNvcyUyRnNhbGFyLWRlLXV5dW5pJTJGJTNFJTBBJTIwJTIwJTIwJTIwJTIwJTIwJTIwJTIwJTIwJTIwJTIwJTIwJTIwJTIwJTIwJTIwJTNDZGl2JTIwY2xhc3MlM0QlMjJmbGV4LXByb2R1Y3RzLW5vZWZmZWN0JTIyJTIwc3R5bGUlM0QlMjJiYWNrZ3JvdW5kJTNBdXJsJTI4aHR0cHMlM0ElMkYlMkZjcmlsbG9udG91cnMudHJhdmVsJTJGd3AtY29udGVudCUyRnVwbG9hZHMlMkYyMDE4JTJGMDklMkZob21lLXV5dW5pLmpwZyUyOSUzQmJhY2tncm91bmQtc2l6ZSUzQSUyMGNvdmVyJTNCJTIyJTNFJTNDJTJGZGl2JTNFJTBBJTIwJTIwJTIwJTIwJTIwJTIwJTIwJTIwJTIwJTIwJTIwJTIwJTIwJTIwJTIwJTIwJTNDaDQlMjBjbGFzcyUzRCUyMmZsZXgtcHJvZHVjdHMtdGl0bGUlMjIlM0VTYWxhciUyMGRlJTIwVXl1bmklM0MlMkZoNCUzRSUwQSUyMCUyMCUyMCUyMCUyMCUyMCUyMCUyMCUyMCUyMCUyMCUyMCUzQyUyRmElM0UlMEElMjAlMjAlMjAlMjAlMjAlMjAlMjAlMjAlMjAlMjAlMjAlMjAlM0MlMkZkaXYlM0UlMEElMjAlMjAlMjAlMjAlMjAlMjAlMjAlMjAlMjAlMjAlMjAlMjAlM0NkaXYlMjBpZCUzRCUyMnBvc3QtMTA5MSUyMiUyMGNsYXNzJTNEJTIydmNfZ3JpZC1pdGVtJTIwdmNfY29sLXNtLTQlMjIlM0UlMEElMjAlMjAlMjAlMjAlMjAlMjAlMjAlMjAlMjAlMjAlMjAlMjAlM0NhJTIwaHJlZiUzRC4lMkZ2aWFqZXMtY2xhc2ljb3MlMkZsYS1wYXoteS1hbHJlZGVkb3JlcyUyRiUzRSUwQSUyMCUyMCUyMCUyMCUyMCUyMCUyMCUyMCUyMCUyMCUyMCUyMCUyMCUyMCUyMCUyMCUzQ2RpdiUyMGNsYXNzJTNEJTIyZmxleC1wcm9kdWN0cy1ub2VmZmVjdCUyMiUyMHN0eWxlJTNEJTIyYmFja2dyb3VuZCUzQXVybCUyOGh0dHBzJTNBJTJGJTJGY3JpbGxvbnRvdXJzLnRyYXZlbCUyRndwLWNvbnRlbnQlMkZ1cGxvYWRzJTJGMjAxOCUyRjA5JTJGaG9tZS1sYS1wYXouanBnJTI5JTNCYmFja2dyb3VuZC1zaXplJTNBJTIwY292ZXIlM0IlMjIlM0UlM0MlMkZkaXYlM0UlMEElMjAlMjAlMjAlMjAlMjAlMjAlMjAlMjAlMjAlMjAlMjAlMjAlMjAlMjAlMjAlMjAlM0NoNCUyMGNsYXNzJTNEJTIyZmxleC1wcm9kdWN0cy10aXRsZSUyMiUzRUxhJTIwUGF6JTIweSUyMEFscmVkZWRvcmVzJTNDJTJGaDQlM0UlMEElMjAlMjAlMjAlMjAlMjAlMjAlMjAlMjAlMjAlMjAlMjAlMjAlM0MlMkZhJTNFJTBBJTIwJTIwJTIwJTIwJTIwJTIwJTIwJTIwJTIwJTIwJTIwJTIwJTNDJTJGZGl2JTNFJTBBJTNDZGl2JTIwc3R5bGUlM0QlMjJjbGVhciUzQWJvdGglM0IlMjIlM0UlM0MlMkZkaXYlM0UlMEElMjAlMjAlMjAlMjAlMjAlMjAlMjAlMjAlM0MlMkZkaXYlM0U=[\/vc_raw_html]<a href=\"https:\/\/crillontours.travel\/es\/viajes-clasicos\/\" target=\"_self\" class=\"button color-3 medium \" style=\"border-radius: 5px;\">M\u00e1s Informaci\u00f3n<\/a>[\/vc_column][\/vc_row][vc_row bg_color=\u00bb#f7f7f7&#8243; text_align=\u00bbcenter\u00bb top_padding=\u00bb80&#8243; bottom_padding=\u00bb80&#8243; class=\u00bbsec0glitter\u00bb][vc_column width=\u00bb1\/1&#8243;]<h2 class=\"headline font-inherit fontsize-xxl fontweight-300 lh-inherit align-center transform-uppercase pert\" style=\"margin: 0 0 20px 0;\">Gran Tour por Sudam\u00e9rica<\/h2><div class=\"divider divider4\" style='margin:30px 0 30px 0 !important;'><\/div>[vc_row_inner][vc_column_inner width=\u00bb1\/6&#8243;][\/vc_column_inner][vc_column_inner width=\u00bb2\/3&#8243;][vc_column_text]<\/p>\n<div class=\"wpb_row vc_row-fluid standard-section section section-no-parallax sec0glitter stretch \" data-speed=\"1\">\n<div class=\"col span_12 color-dark left\">\n<div class=\"vc_col-sm-12 wpb_column column_container col no-padding color-dark\" data-animation=\"\" data-delay=\"\">\n<div class=\"wpb_wrapper\">\n<div class=\"wpb_text_column wpb_content_element \">\n<div class=\"wpb_wrapper\">\n<p>Una intensa vuelta por Sudam\u00e9rica en 14 d\u00edas. Las principales ciudades y la naturaleza extrema se mezclan en una aventura inigualable que combina urbe, paisajes y cultura viva.<\/p>\n<\/div>\n<\/div>\n<\/div>\n<\/div>\n<\/div>\n<\/div>\n<p>[\/vc_column_text][\/vc_column_inner][vc_column_inner width=\u00bb1\/6&#8243;][\/vc_column_inner][\/vc_row_inner]<div class=\"divider divider4\" style='margin:30px 0 30px 0 !important;'><\/div>[vc_raw_html]JTNDZGl2JTIwY2xhc3MlM0QlMjJkcGUtZmxleGlibGUtcG9zdHMlMjIlM0UlMEElMjAlMjAlMjAlMjAlMjAlMjAlMjAlMjAlMjAlMjAlMjAlMjAlM0NkaXYlMjBpZCUzRCUyMnBvc3QtNjgxJTIyJTIwY2xhc3MlM0QlMjJ2Y19ncmlkLWl0ZW0lMjB2Y19jb2wtc20tNCUyMiUzRSUwQSUyMCUyMCUyMCUyMCUyMCUyMCUyMCUyMCUyMCUyMCUyMCUyMCUzQ2ElMjBocmVmJTNEaHR0cHMlM0ElMkYlMkZjcmlsbG9udG91cnMudHJhdmVsJTJGZXMlMkZwcm9kdWN0JTJGZ3JhbnRvdXItZGUtYW1lcmljYS1kZWwtc3VyJTJGJTNFJTBBJTIwJTIwJTIwJTIwJTIwJTIwJTIwJTIwJTIwJTIwJTIwJTIwJTIwJTIwJTIwJTIwJTNDZGl2JTIwY2xhc3MlM0QlMjJmbGV4LXByb2R1Y3RzLW5vZWZmZWN0JTIyJTIwc3R5bGUlM0QlMjJiYWNrZ3JvdW5kJTNBdXJsJTI4aHR0cHMlM0ElMkYlMkZjcmlsbG9udG91cnMudHJhdmVsJTJGd3AtY29udGVudCUyRnVwbG9hZHMlMkYyMDE4JTJGMDclMkZDcmlsbCVDMyVCM24tVG91cnMtU0lCLUdyYW5kLVRvdXItT2YtU291dGgtQW1lcmljYS0yMDE4LTEtNzY4eDQzMi5qcGclMjklM0JiYWNrZ3JvdW5kLXNpemUlM0ElMjBjb3ZlciUzQiUyMiUzRSUzQyUyRmRpdiUzRSUwQSUyMCUyMCUyMCUyMCUyMCUyMCUyMCUyMCUyMCUyMCUyMCUyMCUyMCUyMCUyMCUyMCUzQ2g0JTIwY2xhc3MlM0QlMjJmbGV4LXByb2R1Y3RzLXRpdGxlJTIyJTNFUGVyJUMzJUJBJTNDJTJGaDQlM0UlMEElMjAlMjAlMjAlMjAlMjAlMjAlMjAlMjAlMjAlMjAlMjAlMjAlM0MlMkZhJTNFJTBBJTIwJTIwJTIwJTIwJTIwJTIwJTIwJTIwJTIwJTIwJTIwJTIwJTNDJTJGZGl2JTNFJTIwJTIwJTBBJTIwJTIwJTIwJTIwJTIwJTIwJTIwJTIwJTIwJTIwJTIwJTIwJTNDZGl2JTIwaWQlM0QlMjJwb3N0LTY4MSUyMiUyMGNsYXNzJTNEJTIydmNfZ3JpZC1pdGVtJTIwdmNfY29sLXNtLTQlMjIlM0UlMEElMjAlMjAlMjAlMjAlMjAlMjAlMjAlMjAlMjAlMjAlMjAlMjAlM0NhJTIwaHJlZiUzRGh0dHBzJTNBJTJGJTJGY3JpbGxvbnRvdXJzLnRyYXZlbCUyRmVzJTJGcHJvZHVjdCUyRmdyYW50b3VyLWRlLWFtZXJpY2EtZGVsLXN1ciUyRiUzRSUwQSUyMCUyMCUyMCUyMCUyMCUyMCUyMCUyMCUyMCUyMCUyMCUyMCUyMCUyMCUyMCUyMCUzQ2RpdiUyMGNsYXNzJTNEJTIyZmxleC1wcm9kdWN0cy1ub2VmZmVjdCUyMiUyMHN0eWxlJTNEJTIyYmFja2dyb3VuZCUzQXVybCUyOGh0dHBzJTNBJTJGJTJGY3JpbGxvbnRvdXJzLnRyYXZlbCUyRndwLWNvbnRlbnQlMkZ1cGxvYWRzJTJGMjAxOCUyRjA3JTJGQ3JpbGxvbi1Ub3Vycy1TSUItR3JhbmQtVG91ci1PZi1Tb3V0aC1BbWVyaWNhLTIwMTgtNzY4eDQzMi5qcGclMjklM0JiYWNrZ3JvdW5kLXNpemUlM0ElMjBjb3ZlciUzQiUyMiUzRSUzQyUyRmRpdiUzRSUwQSUyMCUyMCUyMCUyMCUyMCUyMCUyMCUyMCUyMCUyMCUyMCUyMCUyMCUyMCUyMCUyMCUzQ2g0JTIwY2xhc3MlM0QlMjJmbGV4LXByb2R1Y3RzLXRpdGxlJTIyJTNFQnJhc2lsJTNDJTJGaDQlM0UlMEElMjAlMjAlMjAlMjAlMjAlMjAlMjAlMjAlMjAlMjAlMjAlMjAlM0MlMkZhJTNFJTBBJTIwJTIwJTIwJTIwJTIwJTIwJTIwJTIwJTIwJTIwJTIwJTIwJTNDJTJGZGl2JTNFJTBBJTIwJTIwJTIwJTIwJTIwJTIwJTIwJTIwJTIwJTIwJTIwJTIwJTNDZGl2JTIwaWQlM0QlMjJwb3N0LTEwOTElMjIlMjBjbGFzcyUzRCUyMnZjX2dyaWQtaXRlbSUyMHZjX2NvbC1zbS00JTIyJTNFJTBBJTIwJTIwJTIwJTIwJTIwJTIwJTIwJTIwJTIwJTIwJTIwJTIwJTNDYSUyMGhyZWYlM0RodHRwcyUzQSUyRiUyRmNyaWxsb250b3Vycy50cmF2ZWwlMkZlcyUyRnByb2R1Y3QlMkZncmFudG91ci1kZS1hbWVyaWNhLWRlbC1zdXIlMkYlM0UlMEElMjAlMjAlMjAlMjAlMjAlMjAlMjAlMjAlMjAlMjAlMjAlMjAlMjAlMjAlMjAlMjAlM0NkaXYlMjBjbGFzcyUzRCUyMmZsZXgtcHJvZHVjdHMtbm9lZmZlY3QlMjIlMjBzdHlsZSUzRCUyMmJhY2tncm91bmQlM0F1cmwlMjhodHRwcyUzQSUyRiUyRmNyaWxsb250b3Vycy50cmF2ZWwlMkZ3cC1jb250ZW50JTJGdXBsb2FkcyUyRjIwMTglMkYwNyUyRkNyaWxsJUMzJUIzbi1Ub3Vycy1TSUItR3JhbmQtVG91ci1PZi1Tb3V0aC1BbWVyaWNhLTIwMTgtNS03Njh4NDMyLmpwZyUyOSUzQmJhY2tncm91bmQtc2l6ZSUzQSUyMGNvdmVyJTNCJTIyJTNFJTNDJTJGZGl2JTNFJTBBJTIwJTIwJTIwJTIwJTIwJTIwJTIwJTIwJTIwJTIwJTIwJTIwJTIwJTIwJTIwJTIwJTNDaDQlMjBjbGFzcyUzRCUyMmZsZXgtcHJvZHVjdHMtdGl0bGUlMjIlM0VBcmdlbnRpbmElM0MlMkZoNCUzRSUwQSUyMCUyMCUyMCUyMCUyMCUyMCUyMCUyMCUyMCUyMCUyMCUyMCUzQyUyRmElM0UlMEElMjAlMjAlMjAlMjAlMjAlMjAlMjAlMjAlMjAlMjAlMjAlMjAlM0MlMkZkaXYlM0UlMEElM0NkaXYlMjBzdHlsZSUzRCUyMmNsZWFyJTNBYm90aCUzQiUyMiUzRSUzQyUyRmRpdiUzRSUwQSUyMCUyMCUyMCUyMCUyMCUyMCUyMCUyMCUzQyUyRmRpdiUzRQ==[\/vc_raw_html]<div class=\"spacer\" style=\"height: 20px;\"><\/div><a href=\"https:\/\/crillontours.travel\/es\/product\/grantour-de-america-del-sur\/\" target=\"_self\" class=\"button color-3 medium \" style=\"border-radius: 5px;\">M\u00e1s Informaci\u00f3n<\/a>[\/vc_column][\/vc_row][vc_row bg_color=\u00bb#ffffff\u00bb top_padding=\u00bb40&#8243; bottom_padding=\u00bb80&#8243;][vc_column column_center=\u00bbtrue\u00bb width=\u00bb1\/1&#8243;]<h2 class=\"headline font-inherit fontsize-xxl fontweight-300 lh-inherit align-left transform-uppercase pert\" style=\"margin: 0 0 20px 0;\">MICE &amp; Intereses Especiales<\/h2><div class=\"divider divider4\" style='margin:30px 0 60px 0 !important;'><\/div>[vc_row_inner][vc_column_inner width=\u00bb1\/2&#8243;]<div class=\"iconbox  wpb_content_element iconbox-style-2 icon-color-accent color-dark clearfix\"><div class=\"iconbox-icon\"><i class=\"fa fa-star boxicon\" style=\"\"><\/i><\/div><div class=\"iconbox-content\"><h3>INCENTIVOS<\/h3><p>Motivaci\u00f3n, uni\u00f3n y esp\u00edritu de grupo, son parte de los sensaciones que logramos con nuestros viajes de Incentivos. Premia y fideliza a tus colaboradores cuidando su descanso y felicidad con nuestras experiencias.<\/p>\n<p><a href=\"https:\/\/crillontours.travel\/es\/intereses-especiales\/\">Formulario<\/a><\/p><\/div><\/div>[\/vc_column_inner][vc_column_inner width=\u00bb1\/2&#8243;]<div class=\"iconbox  wpb_content_element iconbox-style-2 icon-color-accent color-dark clearfix\"><div class=\"iconbox-icon\"><i class=\"fa fa-calendar boxicon\" style=\"\"><\/i><\/div><div class=\"iconbox-content\"><h3>EVENTOS<\/h3><p>Nos hacemos cargo de sus eventos dise\u00f1ando acontecimientos \u00fanicos en escenarios espectaculares. Somos especialistas en hacer realidad sus deseos.<\/p>\n<p><a href=\"https:\/\/crillontours.travel\/es\/intereses-especiales\/\">Formulario<\/a><\/p><\/div><\/div>[\/vc_column_inner][\/vc_row_inner][\/vc_column][\/vc_row]<\/p>\n","protected":false},"excerpt":{"rendered":"<p>[vc_row type=\u00bbfull_width_section\u00bb bg_image=\u00bb4631&#8243; video_bg=\u00bbuse_video\u00bb video_webm=\u00bbhttps:\/\/crillontours.travel\/videos\/back-home-final.mp4&#8243; video_mp4=\u00bbhttps:\/\/crillontours.travel\/videos\/back-home-final.mp4&#8243; video_ogv=\u00bbhttps:\/\/crillontours.travel\/videos\/back-home-final.mp4&#8243; video_image=\u00bb855&#8243; text_color=\u00bblight\u00bb text_align=\u00bbcenter\u00bb full_height=\u00bbtrue\u00bb class=\u00bbredo\u00bb][vc_column width=\u00bb1\/1&#8243;][vc_row_inner][vc_column_inner el_class=\u00bbbox-sec-shadow\u00bb][vc_raw_html el_class=\u00bbtext-animated-custom\u00bb]JTIwJTNDc2VjdGlvbiUzRSUwQSUyMCUyMCUyMCUyMCUyMCUyMCUyMCUyMCUyMCUzQ2RpdiUyMGNsYXNzJTNEJTIyc2xpZGVyLWNvbnRhaW5lciUyMiUzRSUwQSUyMCUyMCUyMCUyMCUyMCUyMCUyMCUyMCUyMCUyMCUyMCUyMCUyMCUzQ2RpdiUyMGNsYXNzJTNEJTIyYWN0aXZlJTIwZmlyc3QlMjIlM0VFWFBFUklNRU5UQSUzQyUyRmRpdiUzRSUwQSUyMCUyMCUyMCUyMCUyMCUyMCUyMCUyMCUyMCUyMCUyMCUyMCUyMCUzQ2RpdiUzRVNJRU5URSUzQyUyRmRpdiUzRSUwQSUyMCUyMCUyMCUyMCUyMCUyMCUyMCUyMCUyMCUyMCUyMCUyMCUyMCUzQ2RpdiUzRVZJVkUlM0MlMkZkaXYlM0UlMEElMjAlMjAlMjAlMjAlMjAlMjAlMjAlMjAlMjAlM0MlMkZkaXYlM0UlMEElMjAlM0MlMkZzZWN0aW9uJTNFJTBB[\/vc_raw_html][\/vc_column_inner][\/vc_row_inner][vc_row_inner][vc_column_inner][\/vc_column_inner][\/vc_row_inner][\/vc_column][\/vc_row][vc_row text_align=\u00bbcenter\u00bb top_padding=\u00bb80&#8243; bottom_padding=\u00bb80&#8243; row_id=\u00bbdestinations-home\u00bb][vc_column width=\u00bb1\/1&#8243;][vc_masonry_grid post_type=\u00bbids\u00bb gap=\u00bb25&#8243; item=\u00bb566&#8243; initial_loading_animation=\u00bbnone\u00bb grid_id=\u00bbvc_gid:1582734695388-d405d013-11d3-5&#8243; include=\u00bb1929, 1927, 1945, 1942, 1287, 1936, 1932&#8243;][\/vc_column][\/vc_row][vc_row bg_color=\u00bb#f7f7f7&#8243; text_align=\u00bbcenter\u00bb top_padding=\u00bb80&#8243; bottom_padding=\u00bb80&#8243; class=\u00bbsec0glitter\u00bb][vc_column width=\u00bb1\/1&#8243;][vc_row_inner][vc_column_inner width=\u00bb1\/6&#8243;][\/vc_column_inner][vc_column_inner width=\u00bb2\/3&#8243;][vc_column_text] Crillon Tours realiza experiencias \u00fanicas de viaje de lujo en Bolivia y la regi\u00f3n. Cada viaje que creamos es \u00fanico, tomando en cuentas sus expectativas y necesidades. Crillon Tours tiene la experiencia para hacer su viaje de ensue\u00f1o hecho realidad y nuestros especialistas dise\u00f1ar\u00e1n cuidadosamente una traves\u00eda que se adapte a sus gustos, tiempo e intereses. [\/vc_column_text][\/vc_column_inner][vc_column_inner width=\u00bb1\/6&#8243;][\/vc_column_inner][\/vc_row_inner][vc_column_text][\/vc_column_text][\/vc_column][\/vc_row][vc_row bg_image=\u00bb6349&#8243; parallax_bg=\u00bbtrue\u00bb bg_color=\u00bb#f7f7f7&#8243; video_bg=\u00bbuse_video\u00bb enable_video_color_overlay=\u00bbtrue\u00bb video_overlay_color=\u00bbrgba(0,0,0,0.54)\u00bb text_color=\u00bblight\u00bb text_align=\u00bbcenter\u00bb top_padding=\u00bb100&#8243; bottom_padding=\u00bb100&#8243; class=\u00bbsec0glitter\u00bb][vc_column width=\u00bb1\/1&#8243;][\/vc_column][\/vc_row][vc_row text_align=\u00bbcenter\u00bb top_padding=\u00bb80&#8243; bottom_padding=\u00bb80&#8243; class=\u00bbsec0glitter\u00bb][vc_column width=\u00bb1\/1&#8243;][vc_row_inner][vc_column_inner width=\u00bb1\/6&#8243;][\/vc_column_inner][vc_column_inner width=\u00bb2\/3&#8243;][vc_column_text] Descubra Bolivia de la mano de los pioneros con nuestros programas cl\u00e1sicos. Desde las aguas del Lago Titicaca y sus m\u00edticas islas, pasando por la vibrante ciudad de La Paz y sus vistas desde el telef\u00e9rico, el infinito espejo natural del Salar de Uyuni, o la inexplorada Amazon\u00eda boliviana. D\u00e9jenos emocionarlo con nuestra experiencia y conocimiento del destino. [\/vc_column_text][\/vc_column_inner][vc_column_inner width=\u00bb1\/6&#8243;][\/vc_column_inner][\/vc_row_inner][vc_raw_html]JTNDZGl2JTIwY2xhc3MlM0QlMjJkcGUtZmxleGlibGUtcG9zdHMlMjIlM0UlMEElMjAlMjAlMjAlMjAlMjAlMjAlMjAlMjAlMjAlMjAlMjAlMjAlM0NkaXYlMjBpZCUzRCUyMnBvc3QtNjgxJTIyJTIwY2xhc3MlM0QlMjJ2Y19ncmlkLWl0ZW0lMjB2Y19jb2wtc20tNCUyMiUzRSUwQSUyMCUyMCUyMCUyMCUyMCUyMCUyMCUyMCUyMCUyMCUyMCUyMCUzQ2ElMjBocmVmJTNELiUyRnZpYWplcy1jbGFzaWNvcyUyRmxhZ28tdGl0aWNhY2ElMkYlM0UlMEElMjAlMjAlMjAlMjAlMjAlMjAlMjAlMjAlMjAlMjAlMjAlMjAlMjAlMjAlMjAlMjAlM0NkaXYlMjBjbGFzcyUzRCUyMmZsZXgtcHJvZHVjdHMtbm9lZmZlY3QlMjIlMjBzdHlsZSUzRCUyMmJhY2tncm91bmQlM0F1cmwlMjhodHRwcyUzQSUyRiUyRmNyaWxsb250b3Vycy50cmF2ZWwlMkZ3cC1jb250ZW50JTJGdXBsb2FkcyUyRjIwMTglMkYwOCUyRm91ci1zdG9yeS1sYWtlLXRpdGljYWNhLXRodW1iLmpwZyUyOSUzQmJhY2tncm91bmQtc2l6ZSUzQSUyMGNvdmVyJTNCJTIyJTNFJTNDJTJGZGl2JTNFJTBBJTIwJTIwJTIwJTIwJTIwJTIwJTIwJTIwJTIwJTIwJTIwJTIwJTIwJTIwJTIwJTIwJTNDaDQlMjBjbGFzcyUzRCUyMmZsZXgtcHJvZHVjdHMtdGl0bGUlMjIlM0VMYWdvJTIwVGl0aWNhY2ElM0MlMkZoNCUzRSUwQSUyMCUyMCUyMCUyMCUyMCUyMCUyMCUyMCUyMCUyMCUyMCUyMCUzQyUyRmElM0UlMEElMjAlMjAlMjAlMjAlMjAlMjAlMjAlMjAlMjAlMjAlMjAlMjAlM0MlMkZkaXYlM0UlMjAlMjAlMEElMjAlMjAlMjAlMjAlMjAlMjAlMjAlMjAlMjAlMjAlMjAlMjAlM0NkaXYlMjBpZCUzRCUyMnBvc3QtNjgxJTIyJTIwY2xhc3MlM0QlMjJ2Y19ncmlkLWl0ZW0lMjB2Y19jb2wtc20tNCUyMiUzRSUwQSUyMCUyMCUyMCUyMCUyMCUyMCUyMCUyMCUyMCUyMCUyMCUyMCUzQ2ElMjBocmVmJTNELiUyRnZpYWplcy1jbGFzaWNvcyUyRnNhbGFyLWRlLXV5dW5pJTJGJTNFJTBBJTIwJTIwJTIwJTIwJTIwJTIwJTIwJTIwJTIwJTIwJTIwJTIwJTIwJTIwJTIwJTIwJTNDZGl2JTIwY2xhc3MlM0QlMjJmbGV4LXByb2R1Y3RzLW5vZWZmZWN0JTIyJTIwc3R5bGUlM0QlMjJiYWNrZ3JvdW5kJTNBdXJsJTI4aHR0cHMlM0ElMkYlMkZjcmlsbG9udG91cnMudHJhdmVsJTJGd3AtY29udGVudCUyRnVwbG9hZHMlMkYyMDE4JTJGMDklMkZob21lLXV5dW5pLmpwZyUyOSUzQmJhY2tncm91bmQtc2l6ZSUzQSUyMGNvdmVyJTNCJTIyJTNFJTNDJTJGZGl2JTNFJTBBJTIwJTIwJTIwJTIwJTIwJTIwJTIwJTIwJTIwJTIwJTIwJTIwJTIwJTIwJTIwJTIwJTNDaDQlMjBjbGFzcyUzRCUyMmZsZXgtcHJvZHVjdHMtdGl0bGUlMjIlM0VTYWxhciUyMGRlJTIwVXl1bmklM0MlMkZoNCUzRSUwQSUyMCUyMCUyMCUyMCUyMCUyMCUyMCUyMCUyMCUyMCUyMCUyMCUzQyUyRmElM0UlMEElMjAlMjAlMjAlMjAlMjAlMjAlMjAlMjAlMjAlMjAlMjAlMjAlM0MlMkZkaXYlM0UlMEElMjAlMjAlMjAlMjAlMjAlMjAlMjAlMjAlMjAlMjAlMjAlMjAlM0NkaXYlMjBpZCUzRCUyMnBvc3QtMTA5MSUyMiUyMGNsYXNzJTNEJTIydmNfZ3JpZC1pdGVtJTIwdmNfY29sLXNtLTQlMjIlM0UlMEElMjAlMjAlMjAlMjAlMjAlMjAlMjAlMjAlMjAlMjAlMjAlMjAlM0NhJTIwaHJlZiUzRC4lMkZ2aWFqZXMtY2xhc2ljb3MlMkZsYS1wYXoteS1hbHJlZGVkb3JlcyUyRiUzRSUwQSUyMCUyMCUyMCUyMCUyMCUyMCUyMCUyMCUyMCUyMCUyMCUyMCUyMCUyMCUyMCUyMCUzQ2RpdiUyMGNsYXNzJTNEJTIyZmxleC1wcm9kdWN0cy1ub2VmZmVjdCUyMiUyMHN0eWxlJTNEJTIyYmFja2dyb3VuZCUzQXVybCUyOGh0dHBzJTNBJTJGJTJGY3JpbGxvbnRvdXJzLnRyYXZlbCUyRndwLWNvbnRlbnQlMkZ1cGxvYWRzJTJGMjAxOCUyRjA5JTJGaG9tZS1sYS1wYXouanBnJTI5JTNCYmFja2dyb3VuZC1zaXplJTNBJTIwY292ZXIlM0IlMjIlM0UlM0MlMkZkaXYlM0UlMEElMjAlMjAlMjAlMjAlMjAlMjAlMjAlMjAlMjAlMjAlMjAlMjAlMjAlMjAlMjAlMjAlM0NoNCUyMGNsYXNzJTNEJTIyZmxleC1wcm9kdWN0cy10aXRsZSUyMiUzRUxhJTIwUGF6JTIweSUyMEFscmVkZWRvcmVzJTNDJTJGaDQlM0UlMEElMjAlMjAlMjAlMjAlMjAlMjAlMjAlMjAlMjAlMjAlMjAlMjAlM0MlMkZhJTNFJTBBJTIwJTIwJTIwJTIwJTIwJTIwJTIwJTIwJTIwJTIwJTIwJTIwJTNDJTJGZGl2JTNFJTBBJTNDZGl2JTIwc3R5bGUlM0QlMjJjbGVhciUzQWJvdGglM0IlMjIlM0UlM0MlMkZkaXYlM0UlMEElMjAlMjAlMjAlMjAlMjAlMjAlMjAlMjAlM0MlMkZkaXYlM0U=[\/vc_raw_html][\/vc_column][\/vc_row][vc_row bg_color=\u00bb#f7f7f7&#8243; text_align=\u00bbcenter\u00bb top_padding=\u00bb80&#8243; bottom_padding=\u00bb80&#8243; class=\u00bbsec0glitter\u00bb][vc_column width=\u00bb1\/1&#8243;][vc_row_inner][vc_column_inner width=\u00bb1\/6&#8243;][\/vc_column_inner][vc_column_inner width=\u00bb2\/3&#8243;][vc_column_text] Una intensa vuelta por Sudam\u00e9rica en 14 d\u00edas. Las principales ciudades y la naturaleza extrema [&hellip;]<\/p>\n","protected":false},"author":1,"featured_media":0,"parent":0,"menu_order":0,"comment_status":"closed","ping_status":"closed","template":"","meta":[],"tags":[],"yst_prominent_words":[387,509,515,508,505,561,512,562,514,518,510,506,504,519,511,507,563,513,516,517],"acf":[],"_links":{"self":[{"href":"https:\/\/crillontours.travel\/es\/wp-json\/wp\/v2\/pages\/1352"}],"collection":[{"href":"https:\/\/crillontours.travel\/es\/wp-json\/wp\/v2\/pages"}],"about":[{"href":"https:\/\/crillontours.travel\/es\/wp-json\/wp\/v2\/types\/page"}],"author":[{"embeddable":true,"href":"https:\/\/crillontours.travel\/es\/wp-json\/wp\/v2\/users\/1"}],"replies":[{"embeddable":true,"href":"https:\/\/crillontours.travel\/es\/wp-json\/wp\/v2\/comments?post=1352"}],"version-history":[{"count":18,"href":"https:\/\/crillontours.travel\/es\/wp-json\/wp\/v2\/pages\/1352\/revisions"}],"predecessor-version":[{"id":9668,"href":"https:\/\/crillontours.travel\/es\/wp-json\/wp\/v2\/pages\/1352\/revisions\/9668"}],"wp:attachment":[{"href":"https:\/\/crillontours.travel\/es\/wp-json\/wp\/v2\/media?parent=1352"}],"wp:term":[{"taxonomy":"post_tag","embeddable":true,"href":"https:\/\/crillontours.travel\/es\/wp-json\/wp\/v2\/tags?post=1352"},{"taxonomy":"yst_prominent_words","embeddable":true,"href":"https:\/\/crillontours.travel\/es\/wp-json\/wp\/v2\/yst_prominent_words?post=1352"}],"curies":[{"name":"wp","href":"https:\/\/api.w.org\/{rel}","templated":true}]}}